{"id":1038,"date":"2019-09-12T10:07:16","date_gmt":"2019-09-12T10:07:16","guid":{"rendered":"https:\/\/grandprix.qodeinteractive.com\/?page_id=1038"},"modified":"2022-11-08T16:20:33","modified_gmt":"2022-11-08T16:20:33","slug":"historia","status":"publish","type":"page","link":"https:\/\/irmaoscruz.com\/gprix\/historia\/","title":{"rendered":"Hist\u00f3ria"},"content":{"rendered":"<div class=\"wpb-content-wrapper\"><p>[vc_row content_placement=&#8221;middle&#8221; row_content_width=&#8221;grid&#8221; disable_background_image=&#8221;&#8221;][vc_column][vc_column_text]<\/p>\n<h5><\/h5>\n<h5 class=\"style4\">As motos sempre foram para mim uma grande paix\u00e3o.<\/h5>\n<h5 class=\"style4\">Tornaram-se um neg\u00f3cio a que me dediquei a partir de 1988. A\u00ed surge a firma\u00a0<strong>Irm\u00e3os Cruz Lda.<\/strong>, com sede em Vila Pouca de Aguiar.<\/h5>\n<h5 class=\"style4\">Como concession\u00e1rio Honda surge em 1997. A \u00e1rea de concess\u00e3o estende-se a todo o distrito de Vila Real.<\/h5>\n<h5 class=\"style4\">Com a abertura da nova loja no ano de 2003, todos os apaixonados das duas rodas podem encontrar toda a gama de motos Honda, todo o tipo de acess\u00f3rios, vestu\u00e1rio e motos usadas, com garantia, assim como servi\u00e7os t\u00e9cnicos (em qualquer marca) e assist\u00eancia efectuada por pessoal qualificado.<\/h5>\n<h5 class=\"style4\">Em 2011 abrimos uma filial em Vila Real para estar mais perto dos nossos clientes.<\/h5>\n<h5 class=\"style4\">Trabalhamos com energia, paix\u00e3o e respeito pelos clientes.<\/h5>\n<h5 class=\"style4\">A qualidade \u00e9 uma preocupa\u00e7\u00e3o que nasceu com a empresa Irm\u00e3os Cruz Lda., e fundamenta todas as suas ac\u00e7\u00f5es, garantindo assim a satisfa\u00e7\u00e3o dos seus clientes.<\/h5>\n<h5 class=\"style4\">A nossa vontade \u00e9 fazer diariamente cada vez mais e melhor. Assim, a nossa aposta na internet surge neste contexto, como mais um meio de comunica\u00e7\u00e3o com os amantes das duas rodas.<\/h5>\n<h5 class=\"style4\">A equipa Irm\u00e3os Cruz deseja-lhe um bom passeio pelo site.<\/h5>\n<h5 class=\"style4\">At\u00e9 sempre e boas curvas.<\/h5>\n<h5 class=\"style6\" align=\"center\"><strong>S\u00f3cio gerente:<\/strong><\/h5>\n<h5 class=\"style4\" align=\"center\">Jos\u00e9 Lu\u00eds David Cruz<\/h5>\n<p>&nbsp;<\/p>\n<p>[\/vc_column_text][\/vc_column][\/vc_row]<\/p>\n<\/div>","protected":false},"excerpt":{"rendered":"<p>[vc_row content_placement=&#8221;middle&#8221; row_content_width=&#8221;grid&#8221; disable_background_image=&#8221;&#8221;][vc_column][vc_column_text] As motos sempre foram para mim uma grande paix\u00e3o. Tornaram-se um neg\u00f3cio a que me dediquei a partir de 1988. A\u00ed surge a firma\u00a0Irm\u00e3os Cruz Lda., com sede em Vila Pouca de Aguiar. Como concession\u00e1rio Honda surge em 1997. A \u00e1rea de concess\u00e3o estende-se a todo o [&hellip;]<\/p>\n","protected":false},"author":1,"featured_media":0,"parent":0,"menu_order":0,"comment_status":"closed","ping_status":"closed","template":"full-width.php","meta":{"footnotes":""},"class_list":["post-1038","page","type-page","status-publish","hentry"],"yoast_head":"<!-- This site is optimized with the Yoast SEO plugin v27.5 - https:\/\/yoast.com\/product\/yoast-seo-wordpress\/ -->\n<title>Hist\u00f3ria - Irm&atilde;os Cruz Lda.<\/title>\n<meta name=\"robots\" content=\"noindex, follow, max-snippet:-1, max-image-preview:large, max-video-preview:-1\" \/>\n<meta property=\"og:locale\" content=\"pt_PT\" \/>\n<meta property=\"og:type\" content=\"article\" \/>\n<meta property=\"og:title\" content=\"Hist\u00f3ria - Irm&atilde;os Cruz Lda.\" \/>\n<meta property=\"og:description\" content=\"[vc_row content_placement=&#8221;middle&#8221; row_content_width=&#8221;grid&#8221; disable_background_image=&#8221;&#8221;][vc_column][vc_column_text] As motos sempre foram para mim uma grande paix\u00e3o. Tornaram-se um neg\u00f3cio a que me dediquei a partir de 1988. A\u00ed surge a firma\u00a0Irm\u00e3os Cruz Lda., com sede em Vila Pouca de Aguiar. Como concession\u00e1rio Honda surge em 1997. A \u00e1rea de concess\u00e3o estende-se a todo o [&hellip;]\" \/>\n<meta property=\"og:url\" content=\"https:\/\/irmaoscruz.com\/gprix\/historia\/\" \/>\n<meta property=\"og:site_name\" content=\"Irm&atilde;os Cruz Lda.\" \/>\n<meta property=\"article:publisher\" content=\"https:\/\/www.facebook.com\/Irmaoscruzlda\" \/>\n<meta property=\"article:modified_time\" content=\"2022-11-08T16:20:33+00:00\" \/>\n<meta name=\"twitter:card\" content=\"summary_large_image\" \/>\n<meta name=\"twitter:label1\" content=\"Tempo estimado de leitura\" \/>\n\t<meta name=\"twitter:data1\" content=\"1 minuto\" \/>\n<script type=\"application\/ld+json\" class=\"yoast-schema-graph\">{\"@context\":\"https:\\\/\\\/schema.org\",\"@graph\":[{\"@type\":\"WebPage\",\"@id\":\"https:\\\/\\\/irmaoscruz.com\\\/gprix\\\/historia\\\/\",\"url\":\"https:\\\/\\\/irmaoscruz.com\\\/gprix\\\/historia\\\/\",\"name\":\"Hist\u00f3ria - Irm&atilde;os Cruz Lda.\",\"isPartOf\":{\"@id\":\"https:\\\/\\\/irmaoscruz.com\\\/gprix\\\/#website\"},\"datePublished\":\"2019-09-12T10:07:16+00:00\",\"dateModified\":\"2022-11-08T16:20:33+00:00\",\"breadcrumb\":{\"@id\":\"https:\\\/\\\/irmaoscruz.com\\\/gprix\\\/historia\\\/#breadcrumb\"},\"inLanguage\":\"pt-PT\",\"potentialAction\":[{\"@type\":\"ReadAction\",\"target\":[\"https:\\\/\\\/irmaoscruz.com\\\/gprix\\\/historia\\\/\"]}]},{\"@type\":\"BreadcrumbList\",\"@id\":\"https:\\\/\\\/irmaoscruz.com\\\/gprix\\\/historia\\\/#breadcrumb\",\"itemListElement\":[{\"@type\":\"ListItem\",\"position\":1,\"name\":\"In\u00edcio\",\"item\":\"https:\\\/\\\/irmaoscruz.com\\\/gprix\\\/\"},{\"@type\":\"ListItem\",\"position\":2,\"name\":\"Hist\u00f3ria\"}]},{\"@type\":\"WebSite\",\"@id\":\"https:\\\/\\\/irmaoscruz.com\\\/gprix\\\/#website\",\"url\":\"https:\\\/\\\/irmaoscruz.com\\\/gprix\\\/\",\"name\":\"Irm\u00e3os Cruz Lda.\",\"description\":\"Irm\u00e3os Cruz Lda.\",\"publisher\":{\"@id\":\"https:\\\/\\\/irmaoscruz.com\\\/gprix\\\/#organization\"},\"potentialAction\":[{\"@type\":\"SearchAction\",\"target\":{\"@type\":\"EntryPoint\",\"urlTemplate\":\"https:\\\/\\\/irmaoscruz.com\\\/gprix\\\/?s={search_term_string}\"},\"query-input\":{\"@type\":\"PropertyValueSpecification\",\"valueRequired\":true,\"valueName\":\"search_term_string\"}}],\"inLanguage\":\"pt-PT\"},{\"@type\":\"Organization\",\"@id\":\"https:\\\/\\\/irmaoscruz.com\\\/gprix\\\/#organization\",\"name\":\"Irm\u00e3os Cruz Lda.\",\"url\":\"https:\\\/\\\/irmaoscruz.com\\\/gprix\\\/\",\"logo\":{\"@type\":\"ImageObject\",\"inLanguage\":\"pt-PT\",\"@id\":\"https:\\\/\\\/irmaoscruz.com\\\/gprix\\\/#\\\/schema\\\/logo\\\/image\\\/\",\"url\":\"http:\\\/\\\/irmaoscruz.com\\\/gprix\\\/wp-content\\\/uploads\\\/2020\\\/03\\\/Logo-Branco-1.png\",\"contentUrl\":\"http:\\\/\\\/irmaoscruz.com\\\/gprix\\\/wp-content\\\/uploads\\\/2020\\\/03\\\/Logo-Branco-1.png\",\"width\":1486,\"height\":712,\"caption\":\"Irm\u00e3os Cruz Lda.\"},\"image\":{\"@id\":\"https:\\\/\\\/irmaoscruz.com\\\/gprix\\\/#\\\/schema\\\/logo\\\/image\\\/\"},\"sameAs\":[\"https:\\\/\\\/www.facebook.com\\\/Irmaoscruzlda\",\"https:\\\/\\\/www.instagram.com\\\/irmaos_cruz_lda\\\/\"]}]}<\/script>\n<!-- \/ Yoast SEO plugin. -->","yoast_head_json":{"title":"Hist\u00f3ria - Irm&atilde;os Cruz Lda.","robots":{"index":"noindex","follow":"follow","max-snippet":"max-snippet:-1","max-image-preview":"max-image-preview:large","max-video-preview":"max-video-preview:-1"},"og_locale":"pt_PT","og_type":"article","og_title":"Hist\u00f3ria - Irm&atilde;os Cruz Lda.","og_description":"[vc_row content_placement=&#8221;middle&#8221; row_content_width=&#8221;grid&#8221; disable_background_image=&#8221;&#8221;][vc_column][vc_column_text] As motos sempre foram para mim uma grande paix\u00e3o. Tornaram-se um neg\u00f3cio a que me dediquei a partir de 1988. A\u00ed surge a firma\u00a0Irm\u00e3os Cruz Lda., com sede em Vila Pouca de Aguiar. Como concession\u00e1rio Honda surge em 1997. A \u00e1rea de concess\u00e3o estende-se a todo o [&hellip;]","og_url":"https:\/\/irmaoscruz.com\/gprix\/historia\/","og_site_name":"Irm&atilde;os Cruz Lda.","article_publisher":"https:\/\/www.facebook.com\/Irmaoscruzlda","article_modified_time":"2022-11-08T16:20:33+00:00","twitter_card":"summary_large_image","twitter_misc":{"Tempo estimado de leitura":"1 minuto"},"schema":{"@context":"https:\/\/schema.org","@graph":[{"@type":"WebPage","@id":"https:\/\/irmaoscruz.com\/gprix\/historia\/","url":"https:\/\/irmaoscruz.com\/gprix\/historia\/","name":"Hist\u00f3ria - Irm&atilde;os Cruz Lda.","isPartOf":{"@id":"https:\/\/irmaoscruz.com\/gprix\/#website"},"datePublished":"2019-09-12T10:07:16+00:00","dateModified":"2022-11-08T16:20:33+00:00","breadcrumb":{"@id":"https:\/\/irmaoscruz.com\/gprix\/historia\/#breadcrumb"},"inLanguage":"pt-PT","potentialAction":[{"@type":"ReadAction","target":["https:\/\/irmaoscruz.com\/gprix\/historia\/"]}]},{"@type":"BreadcrumbList","@id":"https:\/\/irmaoscruz.com\/gprix\/historia\/#breadcrumb","itemListElement":[{"@type":"ListItem","position":1,"name":"In\u00edcio","item":"https:\/\/irmaoscruz.com\/gprix\/"},{"@type":"ListItem","position":2,"name":"Hist\u00f3ria"}]},{"@type":"WebSite","@id":"https:\/\/irmaoscruz.com\/gprix\/#website","url":"https:\/\/irmaoscruz.com\/gprix\/","name":"Irm\u00e3os Cruz Lda.","description":"Irm\u00e3os Cruz Lda.","publisher":{"@id":"https:\/\/irmaoscruz.com\/gprix\/#organization"},"potentialAction":[{"@type":"SearchAction","target":{"@type":"EntryPoint","urlTemplate":"https:\/\/irmaoscruz.com\/gprix\/?s={search_term_string}"},"query-input":{"@type":"PropertyValueSpecification","valueRequired":true,"valueName":"search_term_string"}}],"inLanguage":"pt-PT"},{"@type":"Organization","@id":"https:\/\/irmaoscruz.com\/gprix\/#organization","name":"Irm\u00e3os Cruz Lda.","url":"https:\/\/irmaoscruz.com\/gprix\/","logo":{"@type":"ImageObject","inLanguage":"pt-PT","@id":"https:\/\/irmaoscruz.com\/gprix\/#\/schema\/logo\/image\/","url":"http:\/\/irmaoscruz.com\/gprix\/wp-content\/uploads\/2020\/03\/Logo-Branco-1.png","contentUrl":"http:\/\/irmaoscruz.com\/gprix\/wp-content\/uploads\/2020\/03\/Logo-Branco-1.png","width":1486,"height":712,"caption":"Irm\u00e3os Cruz Lda."},"image":{"@id":"https:\/\/irmaoscruz.com\/gprix\/#\/schema\/logo\/image\/"},"sameAs":["https:\/\/www.facebook.com\/Irmaoscruzlda","https:\/\/www.instagram.com\/irmaos_cruz_lda\/"]}]}},"_links":{"self":[{"href":"https:\/\/irmaoscruz.com\/gprix\/wp-json\/wp\/v2\/pages\/1038","targetHints":{"allow":["GET"]}}],"collection":[{"href":"https:\/\/irmaoscruz.com\/gprix\/wp-json\/wp\/v2\/pages"}],"about":[{"href":"https:\/\/irmaoscruz.com\/gprix\/wp-json\/wp\/v2\/types\/page"}],"author":[{"embeddable":true,"href":"https:\/\/irmaoscruz.com\/gprix\/wp-json\/wp\/v2\/users\/1"}],"replies":[{"embeddable":true,"href":"https:\/\/irmaoscruz.com\/gprix\/wp-json\/wp\/v2\/comments?post=1038"}],"version-history":[{"count":7,"href":"https:\/\/irmaoscruz.com\/gprix\/wp-json\/wp\/v2\/pages\/1038\/revisions"}],"predecessor-version":[{"id":51359,"href":"https:\/\/irmaoscruz.com\/gprix\/wp-json\/wp\/v2\/pages\/1038\/revisions\/51359"}],"wp:attachment":[{"href":"https:\/\/irmaoscruz.com\/gprix\/wp-json\/wp\/v2\/media?parent=1038"}],"curies":[{"name":"wp","href":"https:\/\/api.w.org\/{rel}","templated":true}]}}