{"id":50472,"date":"2020-04-06T21:44:16","date_gmt":"2020-04-06T21:44:16","guid":{"rendered":"http:\/\/irmaoscruz.com\/gprix\/?page_id=50472"},"modified":"2020-04-06T21:46:45","modified_gmt":"2020-04-06T21:46:45","slug":"politica-de-privacidade","status":"publish","type":"page","link":"https:\/\/irmaoscruz.com\/gprix\/politica-de-privacidade\/","title":{"rendered":"POL\u00cdTICA DE PRIVACIDADE"},"content":{"rendered":"<div class=\"wpb-content-wrapper\"><p>[vc_row disable_background_image=&#8221;&#8221;][vc_column][vc_column_text]A empresa Irm\u00e3os Cruz Lda. respeita a legisla\u00e7\u00e3o em vigor sobre a seguran\u00e7a dos dados pessoais dos Clientes tendo como princ\u00edpio usar estes dados apenas no \u00e2mbito do processamento de encomendas, envio de promo\u00e7\u00f5es de produtos, novos servi\u00e7os e descontos especiais.<\/p>\n<p>O Cliente autoriza a empresa Irm\u00e3os Cruz Lda., a tratar de forma automatizada os dados pessoais facultados na ordem de encomenda, em particular, para os fins necess\u00e1rios \u00e0 cria\u00e7\u00e3o do contrato com o Cliente, para gest\u00e3o, registo e execu\u00e7\u00e3o das encomendas, controlo de acessos, o que inclui a utiliza\u00e7\u00e3o da tecnologia &#8220;cookies&#8221;.<\/p>\n<p>Por raz\u00f5es comerciais, a empresa Irm\u00e3os Cruz Lda., poder\u00e1 transmitir a um qualquer s\u00f3cio a identidade dos dados do utilizador respeitando obviamente o legal tratamento dos dados pessoais.<\/p>\n<p>Em cumprimento do disposto da lei de prote\u00e7\u00e3o de dados pessoais, o utilizador poder\u00e1, a qualquer momento, exercer o direito de acesso, retifica\u00e7\u00e3o da informa\u00e7\u00e3o, cancelamento e comunica\u00e7\u00e3o dos seus dados atrav\u00e9s do nosso Formul\u00e1rio de Apoio ao Cliente, indicando claramente o seu nome, apelidos e morada, juntando tamb\u00e9m a digitaliza\u00e7\u00e3o do cart\u00e3o \u00fanico de identifica\u00e7\u00e3o.<\/p>\n<p><strong>Cookies<\/strong><\/p>\n<p>Quando visitar o nosso site, um pequeno ficheiro de texto (Cookie) \u00e9 criado e gravado no disco do seu computador. Este ficheiro ao reconhec\u00ea-lo, vai permitir-lhe uma maior facilidade e rapidez no acesso, e personaliza\u00e7\u00e3o da p\u00e1gina a n\u00edvel da sua experi\u00eancia online. Identificamos tamb\u00e9m informa\u00e7\u00e3o t\u00e9cnica do seu computador quando visita as p\u00e1ginas do nosso site, como o IP (Internet Protocol), o sistema operativo, o tipo de browser. Utilizamos esta informa\u00e7\u00e3o para melhorar a qualidade da sua visita ao nosso site, e n\u00e3o a divulgaremos a entidades externas. A maioria dos browsers aceita automaticamente estes ficheiros (Cookies), mas poder\u00e1 apag\u00e1-los ou definir automaticamente o seu bloqueio. No menu &#8220;Help&#8221; do seu browser encontrar\u00e1 como efectuar essas configura\u00e7\u00f5es. No entanto, caso n\u00e3o permita o uso de cookies poder\u00e1 haver algumas funcionalidades que n\u00e3o conseguir\u00e1 utilizar.[\/vc_column_text][\/vc_column][\/vc_row]<\/p>\n<\/div>","protected":false},"excerpt":{"rendered":"<p>[vc_row disable_background_image=&#8221;&#8221;][vc_column][vc_column_text]A empresa Irm\u00e3os Cruz Lda. respeita a legisla\u00e7\u00e3o em vigor sobre a seguran\u00e7a dos dados pessoais dos Clientes tendo como princ\u00edpio usar estes dados apenas no \u00e2mbito do processamento de encomendas, envio de promo\u00e7\u00f5es de produtos, novos servi\u00e7os e descontos especiais. O Cliente autoriza a empresa Irm\u00e3os Cruz Lda., a [&hellip;]<\/p>\n","protected":false},"author":2,"featured_media":0,"parent":0,"menu_order":0,"comment_status":"closed","ping_status":"closed","template":"","meta":{"footnotes":""},"class_list":["post-50472","page","type-page","status-publish","hentry"],"yoast_head":"<!-- This site is optimized with the Yoast SEO plugin v27.5 - https:\/\/yoast.com\/product\/yoast-seo-wordpress\/ -->\n<title>POL\u00cdTICA DE PRIVACIDADE - Irm&atilde;os Cruz Lda.<\/title>\n<meta name=\"robots\" content=\"noindex, follow, max-snippet:-1, max-image-preview:large, max-video-preview:-1\" \/>\n<meta property=\"og:locale\" content=\"pt_PT\" \/>\n<meta property=\"og:type\" content=\"article\" \/>\n<meta property=\"og:title\" content=\"POL\u00cdTICA DE PRIVACIDADE - Irm&atilde;os Cruz Lda.\" \/>\n<meta property=\"og:description\" content=\"[vc_row disable_background_image=&#8221;&#8221;][vc_column][vc_column_text]A empresa Irm\u00e3os Cruz Lda. respeita a legisla\u00e7\u00e3o em vigor sobre a seguran\u00e7a dos dados pessoais dos Clientes tendo como princ\u00edpio usar estes dados apenas no \u00e2mbito do processamento de encomendas, envio de promo\u00e7\u00f5es de produtos, novos servi\u00e7os e descontos especiais. O Cliente autoriza a empresa Irm\u00e3os Cruz Lda., a [&hellip;]\" \/>\n<meta property=\"og:url\" content=\"https:\/\/irmaoscruz.com\/gprix\/politica-de-privacidade\/\" \/>\n<meta property=\"og:site_name\" content=\"Irm&atilde;os Cruz Lda.\" \/>\n<meta property=\"article:publisher\" content=\"https:\/\/www.facebook.com\/Irmaoscruzlda\" \/>\n<meta property=\"article:modified_time\" content=\"2020-04-06T21:46:45+00:00\" \/>\n<meta name=\"twitter:card\" content=\"summary_large_image\" \/>\n<meta name=\"twitter:label1\" content=\"Tempo estimado de leitura\" \/>\n\t<meta name=\"twitter:data1\" content=\"2 minutos\" \/>\n<script type=\"application\/ld+json\" class=\"yoast-schema-graph\">{\"@context\":\"https:\\\/\\\/schema.org\",\"@graph\":[{\"@type\":\"WebPage\",\"@id\":\"https:\\\/\\\/irmaoscruz.com\\\/gprix\\\/politica-de-privacidade\\\/\",\"url\":\"https:\\\/\\\/irmaoscruz.com\\\/gprix\\\/politica-de-privacidade\\\/\",\"name\":\"POL\u00cdTICA DE PRIVACIDADE - Irm&atilde;os Cruz Lda.\",\"isPartOf\":{\"@id\":\"https:\\\/\\\/irmaoscruz.com\\\/gprix\\\/#website\"},\"datePublished\":\"2020-04-06T21:44:16+00:00\",\"dateModified\":\"2020-04-06T21:46:45+00:00\",\"breadcrumb\":{\"@id\":\"https:\\\/\\\/irmaoscruz.com\\\/gprix\\\/politica-de-privacidade\\\/#breadcrumb\"},\"inLanguage\":\"pt-PT\",\"potentialAction\":[{\"@type\":\"ReadAction\",\"target\":[\"https:\\\/\\\/irmaoscruz.com\\\/gprix\\\/politica-de-privacidade\\\/\"]}]},{\"@type\":\"BreadcrumbList\",\"@id\":\"https:\\\/\\\/irmaoscruz.com\\\/gprix\\\/politica-de-privacidade\\\/#breadcrumb\",\"itemListElement\":[{\"@type\":\"ListItem\",\"position\":1,\"name\":\"In\u00edcio\",\"item\":\"https:\\\/\\\/irmaoscruz.com\\\/gprix\\\/\"},{\"@type\":\"ListItem\",\"position\":2,\"name\":\"POL\u00cdTICA DE PRIVACIDADE\"}]},{\"@type\":\"WebSite\",\"@id\":\"https:\\\/\\\/irmaoscruz.com\\\/gprix\\\/#website\",\"url\":\"https:\\\/\\\/irmaoscruz.com\\\/gprix\\\/\",\"name\":\"Irm\u00e3os Cruz Lda.\",\"description\":\"Irm\u00e3os Cruz Lda.\",\"publisher\":{\"@id\":\"https:\\\/\\\/irmaoscruz.com\\\/gprix\\\/#organization\"},\"potentialAction\":[{\"@type\":\"SearchAction\",\"target\":{\"@type\":\"EntryPoint\",\"urlTemplate\":\"https:\\\/\\\/irmaoscruz.com\\\/gprix\\\/?s={search_term_string}\"},\"query-input\":{\"@type\":\"PropertyValueSpecification\",\"valueRequired\":true,\"valueName\":\"search_term_string\"}}],\"inLanguage\":\"pt-PT\"},{\"@type\":\"Organization\",\"@id\":\"https:\\\/\\\/irmaoscruz.com\\\/gprix\\\/#organization\",\"name\":\"Irm\u00e3os Cruz Lda.\",\"url\":\"https:\\\/\\\/irmaoscruz.com\\\/gprix\\\/\",\"logo\":{\"@type\":\"ImageObject\",\"inLanguage\":\"pt-PT\",\"@id\":\"https:\\\/\\\/irmaoscruz.com\\\/gprix\\\/#\\\/schema\\\/logo\\\/image\\\/\",\"url\":\"http:\\\/\\\/irmaoscruz.com\\\/gprix\\\/wp-content\\\/uploads\\\/2020\\\/03\\\/Logo-Branco-1.png\",\"contentUrl\":\"http:\\\/\\\/irmaoscruz.com\\\/gprix\\\/wp-content\\\/uploads\\\/2020\\\/03\\\/Logo-Branco-1.png\",\"width\":1486,\"height\":712,\"caption\":\"Irm\u00e3os Cruz Lda.\"},\"image\":{\"@id\":\"https:\\\/\\\/irmaoscruz.com\\\/gprix\\\/#\\\/schema\\\/logo\\\/image\\\/\"},\"sameAs\":[\"https:\\\/\\\/www.facebook.com\\\/Irmaoscruzlda\",\"https:\\\/\\\/www.instagram.com\\\/irmaos_cruz_lda\\\/\"]}]}<\/script>\n<!-- \/ Yoast SEO plugin. -->","yoast_head_json":{"title":"POL\u00cdTICA DE PRIVACIDADE - Irm&atilde;os Cruz Lda.","robots":{"index":"noindex","follow":"follow","max-snippet":"max-snippet:-1","max-image-preview":"max-image-preview:large","max-video-preview":"max-video-preview:-1"},"og_locale":"pt_PT","og_type":"article","og_title":"POL\u00cdTICA DE PRIVACIDADE - Irm&atilde;os Cruz Lda.","og_description":"[vc_row disable_background_image=&#8221;&#8221;][vc_column][vc_column_text]A empresa Irm\u00e3os Cruz Lda. respeita a legisla\u00e7\u00e3o em vigor sobre a seguran\u00e7a dos dados pessoais dos Clientes tendo como princ\u00edpio usar estes dados apenas no \u00e2mbito do processamento de encomendas, envio de promo\u00e7\u00f5es de produtos, novos servi\u00e7os e descontos especiais. O Cliente autoriza a empresa Irm\u00e3os Cruz Lda., a [&hellip;]","og_url":"https:\/\/irmaoscruz.com\/gprix\/politica-de-privacidade\/","og_site_name":"Irm&atilde;os Cruz Lda.","article_publisher":"https:\/\/www.facebook.com\/Irmaoscruzlda","article_modified_time":"2020-04-06T21:46:45+00:00","twitter_card":"summary_large_image","twitter_misc":{"Tempo estimado de leitura":"2 minutos"},"schema":{"@context":"https:\/\/schema.org","@graph":[{"@type":"WebPage","@id":"https:\/\/irmaoscruz.com\/gprix\/politica-de-privacidade\/","url":"https:\/\/irmaoscruz.com\/gprix\/politica-de-privacidade\/","name":"POL\u00cdTICA DE PRIVACIDADE - Irm&atilde;os Cruz Lda.","isPartOf":{"@id":"https:\/\/irmaoscruz.com\/gprix\/#website"},"datePublished":"2020-04-06T21:44:16+00:00","dateModified":"2020-04-06T21:46:45+00:00","breadcrumb":{"@id":"https:\/\/irmaoscruz.com\/gprix\/politica-de-privacidade\/#breadcrumb"},"inLanguage":"pt-PT","potentialAction":[{"@type":"ReadAction","target":["https:\/\/irmaoscruz.com\/gprix\/politica-de-privacidade\/"]}]},{"@type":"BreadcrumbList","@id":"https:\/\/irmaoscruz.com\/gprix\/politica-de-privacidade\/#breadcrumb","itemListElement":[{"@type":"ListItem","position":1,"name":"In\u00edcio","item":"https:\/\/irmaoscruz.com\/gprix\/"},{"@type":"ListItem","position":2,"name":"POL\u00cdTICA DE PRIVACIDADE"}]},{"@type":"WebSite","@id":"https:\/\/irmaoscruz.com\/gprix\/#website","url":"https:\/\/irmaoscruz.com\/gprix\/","name":"Irm\u00e3os Cruz Lda.","description":"Irm\u00e3os Cruz Lda.","publisher":{"@id":"https:\/\/irmaoscruz.com\/gprix\/#organization"},"potentialAction":[{"@type":"SearchAction","target":{"@type":"EntryPoint","urlTemplate":"https:\/\/irmaoscruz.com\/gprix\/?s={search_term_string}"},"query-input":{"@type":"PropertyValueSpecification","valueRequired":true,"valueName":"search_term_string"}}],"inLanguage":"pt-PT"},{"@type":"Organization","@id":"https:\/\/irmaoscruz.com\/gprix\/#organization","name":"Irm\u00e3os Cruz Lda.","url":"https:\/\/irmaoscruz.com\/gprix\/","logo":{"@type":"ImageObject","inLanguage":"pt-PT","@id":"https:\/\/irmaoscruz.com\/gprix\/#\/schema\/logo\/image\/","url":"http:\/\/irmaoscruz.com\/gprix\/wp-content\/uploads\/2020\/03\/Logo-Branco-1.png","contentUrl":"http:\/\/irmaoscruz.com\/gprix\/wp-content\/uploads\/2020\/03\/Logo-Branco-1.png","width":1486,"height":712,"caption":"Irm\u00e3os Cruz Lda."},"image":{"@id":"https:\/\/irmaoscruz.com\/gprix\/#\/schema\/logo\/image\/"},"sameAs":["https:\/\/www.facebook.com\/Irmaoscruzlda","https:\/\/www.instagram.com\/irmaos_cruz_lda\/"]}]}},"_links":{"self":[{"href":"https:\/\/irmaoscruz.com\/gprix\/wp-json\/wp\/v2\/pages\/50472","targetHints":{"allow":["GET"]}}],"collection":[{"href":"https:\/\/irmaoscruz.com\/gprix\/wp-json\/wp\/v2\/pages"}],"about":[{"href":"https:\/\/irmaoscruz.com\/gprix\/wp-json\/wp\/v2\/types\/page"}],"author":[{"embeddable":true,"href":"https:\/\/irmaoscruz.com\/gprix\/wp-json\/wp\/v2\/users\/2"}],"replies":[{"embeddable":true,"href":"https:\/\/irmaoscruz.com\/gprix\/wp-json\/wp\/v2\/comments?post=50472"}],"version-history":[{"count":3,"href":"https:\/\/irmaoscruz.com\/gprix\/wp-json\/wp\/v2\/pages\/50472\/revisions"}],"predecessor-version":[{"id":50475,"href":"https:\/\/irmaoscruz.com\/gprix\/wp-json\/wp\/v2\/pages\/50472\/revisions\/50475"}],"wp:attachment":[{"href":"https:\/\/irmaoscruz.com\/gprix\/wp-json\/wp\/v2\/media?parent=50472"}],"curies":[{"name":"wp","href":"https:\/\/api.w.org\/{rel}","templated":true}]}}