{"id":50524,"date":"2020-04-09T21:37:44","date_gmt":"2020-04-09T21:37:44","guid":{"rendered":"http:\/\/irmaoscruz.com\/gprix\/?page_id=50524"},"modified":"2025-01-23T16:51:08","modified_gmt":"2025-01-23T16:51:08","slug":"campanhas","status":"publish","type":"page","link":"https:\/\/irmaoscruz.com\/gprix\/campanhas\/","title":{"rendered":"Campanhas"},"content":{"rendered":"<div class=\"wpb-content-wrapper\"><p>[vc_row disable_background_image=&#8221;&#8221;][vc_column][vc_column_text css=&#8221;&#8221;]<img loading=\"lazy\" decoding=\"async\" class=\"size-full wp-image-51955 aligncenter\" src=\"https:\/\/irmaoscruz.com\/gprix\/wp-content\/uploads\/2025\/01\/nx500-campanha.jpg\" alt=\"\" width=\"1080\" height=\"1080\" srcset=\"https:\/\/irmaoscruz.com\/gprix\/wp-content\/uploads\/2025\/01\/nx500-campanha.jpg 1080w, https:\/\/irmaoscruz.com\/gprix\/wp-content\/uploads\/2025\/01\/nx500-campanha-300x300.jpg 300w, https:\/\/irmaoscruz.com\/gprix\/wp-content\/uploads\/2025\/01\/nx500-campanha-1024x1024.jpg 1024w, https:\/\/irmaoscruz.com\/gprix\/wp-content\/uploads\/2025\/01\/nx500-campanha-150x150.jpg 150w, https:\/\/irmaoscruz.com\/gprix\/wp-content\/uploads\/2025\/01\/nx500-campanha-768x768.jpg 768w, https:\/\/irmaoscruz.com\/gprix\/wp-content\/uploads\/2025\/01\/nx500-campanha-650x650.jpg 650w, https:\/\/irmaoscruz.com\/gprix\/wp-content\/uploads\/2025\/01\/nx500-campanha-600x600.jpg 600w, https:\/\/irmaoscruz.com\/gprix\/wp-content\/uploads\/2025\/01\/nx500-campanha-100x100.jpg 100w\" sizes=\"auto, (max-width: 1080px) 100vw, 1080px\" \/><\/p>\n<p>&nbsp;<\/p>\n<p><img loading=\"lazy\" decoding=\"async\" class=\"size-full wp-image-51937 aligncenter\" src=\"https:\/\/irmaoscruz.com\/gprix\/wp-content\/uploads\/2025\/01\/xadv-4.jpg\" alt=\"\" width=\"1080\" height=\"1080\" srcset=\"https:\/\/irmaoscruz.com\/gprix\/wp-content\/uploads\/2025\/01\/xadv-4.jpg 1080w, https:\/\/irmaoscruz.com\/gprix\/wp-content\/uploads\/2025\/01\/xadv-4-300x300.jpg 300w, https:\/\/irmaoscruz.com\/gprix\/wp-content\/uploads\/2025\/01\/xadv-4-1024x1024.jpg 1024w, https:\/\/irmaoscruz.com\/gprix\/wp-content\/uploads\/2025\/01\/xadv-4-150x150.jpg 150w, https:\/\/irmaoscruz.com\/gprix\/wp-content\/uploads\/2025\/01\/xadv-4-768x768.jpg 768w, https:\/\/irmaoscruz.com\/gprix\/wp-content\/uploads\/2025\/01\/xadv-4-650x650.jpg 650w, https:\/\/irmaoscruz.com\/gprix\/wp-content\/uploads\/2025\/01\/xadv-4-600x600.jpg 600w, https:\/\/irmaoscruz.com\/gprix\/wp-content\/uploads\/2025\/01\/xadv-4-100x100.jpg 100w\" sizes=\"auto, (max-width: 1080px) 100vw, 1080px\" \/><\/p>\n<p>&nbsp;<\/p>\n<p><img loading=\"lazy\" decoding=\"async\" class=\"size-full wp-image-51934 aligncenter\" src=\"https:\/\/irmaoscruz.com\/gprix\/wp-content\/uploads\/2025\/01\/cl500-1.jpg\" alt=\"\" width=\"1080\" height=\"1080\" srcset=\"https:\/\/irmaoscruz.com\/gprix\/wp-content\/uploads\/2025\/01\/cl500-1.jpg 1080w, https:\/\/irmaoscruz.com\/gprix\/wp-content\/uploads\/2025\/01\/cl500-1-300x300.jpg 300w, https:\/\/irmaoscruz.com\/gprix\/wp-content\/uploads\/2025\/01\/cl500-1-1024x1024.jpg 1024w, https:\/\/irmaoscruz.com\/gprix\/wp-content\/uploads\/2025\/01\/cl500-1-150x150.jpg 150w, https:\/\/irmaoscruz.com\/gprix\/wp-content\/uploads\/2025\/01\/cl500-1-768x768.jpg 768w, https:\/\/irmaoscruz.com\/gprix\/wp-content\/uploads\/2025\/01\/cl500-1-650x650.jpg 650w, https:\/\/irmaoscruz.com\/gprix\/wp-content\/uploads\/2025\/01\/cl500-1-600x600.jpg 600w, https:\/\/irmaoscruz.com\/gprix\/wp-content\/uploads\/2025\/01\/cl500-1-100x100.jpg 100w\" sizes=\"auto, (max-width: 1080px) 100vw, 1080px\" \/><\/p>\n<p>&nbsp;<\/p>\n<p><img loading=\"lazy\" decoding=\"async\" class=\"size-full wp-image-51935 aligncenter\" src=\"https:\/\/irmaoscruz.com\/gprix\/wp-content\/uploads\/2025\/01\/em.jpg\" alt=\"\" width=\"1080\" height=\"1080\" srcset=\"https:\/\/irmaoscruz.com\/gprix\/wp-content\/uploads\/2025\/01\/em.jpg 1080w, https:\/\/irmaoscruz.com\/gprix\/wp-content\/uploads\/2025\/01\/em-300x300.jpg 300w, https:\/\/irmaoscruz.com\/gprix\/wp-content\/uploads\/2025\/01\/em-1024x1024.jpg 1024w, https:\/\/irmaoscruz.com\/gprix\/wp-content\/uploads\/2025\/01\/em-150x150.jpg 150w, https:\/\/irmaoscruz.com\/gprix\/wp-content\/uploads\/2025\/01\/em-768x768.jpg 768w, https:\/\/irmaoscruz.com\/gprix\/wp-content\/uploads\/2025\/01\/em-650x650.jpg 650w, https:\/\/irmaoscruz.com\/gprix\/wp-content\/uploads\/2025\/01\/em-600x600.jpg 600w, https:\/\/irmaoscruz.com\/gprix\/wp-content\/uploads\/2025\/01\/em-100x100.jpg 100w\" sizes=\"auto, (max-width: 1080px) 100vw, 1080px\" \/>[\/vc_column_text][\/vc_column][\/vc_row][vc_row disable_element=&#8221;yes&#8221; disable_background_image=&#8221;&#8221;][vc_column]<div class=\"mkdf-elements-holder   mkdf-one-column  mkdf-responsive-mode-768 \" ><div class=\"mkdf-eh-item    mkdf-flip-in\"  data-item-class=\"mkdf-eh-custom-6773\" data-animation=\"mkdf-flip-in\" data-769-1024=\"7px 0 0 0\" data-681-768=\"7px 0 0 0\" data-680=\"7px 0 0 0\">\n\t<div class=\"mkdf-eh-item-inner\">\n\t\t<div class=\"mkdf-eh-item-content mkdf-eh-custom-6773\" style=\"padding: 77px 0 0 0\">\n\t\t\t<div class=\"mkdf-item-showcase-holder clearfix\"><div class=\"mkdf-is-item mkdf-is-left\">\n\t<div class=\"mkdf-is-content\">\n\t\t\t\t\t<h4 class=\"mkdf-is-title\" >\n\t\t\t\t\t\t\t\tArmazenamento inteligente (Met-in)\t\t\t\t\t\t\t<\/h4>\n\t\t\t\t\t\t\t<p class=\"mkdf-is-text\" >Guarde o seu capacete integral na caixa de bagagem da NC750X. Capacidade de 22 litros. A tampa possui calhas externas robustas \u2013 \u00fateis para montar uma mala de dep\u00f3sito.<\/p>\n\t\t\t<\/div>\n\t\t\t<span class=\"mkdf-is-mark\">01<\/span>\n\t<\/div><div class=\"mkdf-is-item mkdf-is-left\">\n\t<div class=\"mkdf-is-content\">\n\t\t\t\t\t<h4 class=\"mkdf-is-title\" >\n\t\t\t\t\t\t\t\tLCD Multi-fun\u00e7\u00f5es\t\t\t\t\t\t\t<\/h4>\n\t\t\t\t\t\t\t<p class=\"mkdf-is-text\" >O tablier tem cinco modos diferentes: DCT, Gear, Rev, Eco e Shift \u2013 cada um com o seu pr\u00f3prio conjunto de cores que corresponde ao desempenho da moto.<\/p>\n\t\t\t<\/div>\n\t\t\t<span class=\"mkdf-is-mark\">02<\/span>\n\t<\/div><div class=\"mkdf-is-item mkdf-is-left\">\n\t<div class=\"mkdf-is-content\">\n\t\t\t\t\t<h4 class=\"mkdf-is-title\" >\n\t\t\t\t\t\t\t\tLuzes dianteira e traseira de LED\t\t\t\t\t\t\t<\/h4>\n\t\t\t\t\t\t\t<p class=\"mkdf-is-text\" >As deslumbrantes luzes dianteira e traseira de LED da NC750X desenham um perfil destemido \u00e0 noite.<\/p>\n\t\t\t<\/div>\n\t\t\t<span class=\"mkdf-is-mark\">03<\/span>\n\t<\/div><div class=\"mkdf-is-item mkdf-is-right\">\n\t<div class=\"mkdf-is-content\">\n\t\t\t\t\t<h4 class=\"mkdf-is-title\" >\n\t\t\t\t\t\t\t\tTransmiss\u00e3o de dupla embraiagem (DCT) opcional\t\t\t\t\t\t\t<\/h4>\n\t\t\t\t\t\t\t<p class=\"mkdf-is-text\" >Possui 3 modos diferentes que se adaptam ao seu ambiente, incluindo o modo S (Sport) din\u00e2mico, que lhe proporciona uma condu\u00e7\u00e3o mais arrojada com apenas um toque.<\/p>\n\t\t\t<\/div>\n\t\t\t<span class=\"mkdf-is-mark\">04<\/span>\n\t<\/div><div class=\"mkdf-is-item mkdf-is-right\">\n\t<div class=\"mkdf-is-content\">\n\t\t\t\t\t<h4 class=\"mkdf-is-title\" >\n\t\t\t\t\t\t\t\tSistema HSTC\t\t\t\t\t\t\t<\/h4>\n\t\t\t\t\t\t\t<p class=\"mkdf-is-text\" >2 n\u00edveis de controlo de tra\u00e7\u00e3o. N\u00edvel 1, para alguma rota\u00e7\u00e3o da roda traseira, por exemplo em gravilha ou terra, ou N\u00edvel 2, que transmite maior confian\u00e7a em superf\u00edcies mais escorregadias.<\/p>\n\t\t\t<\/div>\n\t\t\t<span class=\"mkdf-is-mark\">05<\/span>\n\t<\/div><div class=\"mkdf-is-item mkdf-is-right\">\n\t<div class=\"mkdf-is-content\">\n\t\t\t\t\t<h4 class=\"mkdf-is-title\" >\n\t\t\t\t\t\t\t\tCarro\u00e7aria atualizada\t\t\t\t\t\t\t<\/h4>\n\t\t\t\t\t\t\t<p class=\"mkdf-is-text\" >A NC750X tem um novo visual robusto com um design da carenagem melhorado, fluindo da dianteira para a traseira com efic\u00e1cia aerodin\u00e2mica otimizada.<\/p>\n\t\t\t<\/div>\n\t\t\t<span class=\"mkdf-is-mark\">06<\/span>\n\t<\/div><div class=\"mkdf-is-image\" style=\"margin-top: -67px\"><img loading=\"lazy\" decoding=\"async\" width=\"460\" height=\"600\" src=\"https:\/\/irmaoscruz.com\/gprix\/wp-content\/uploads\/2020\/04\/nc750x-1.jpg\" class=\"attachment-full size-full\" alt=\"\" srcset=\"https:\/\/irmaoscruz.com\/gprix\/wp-content\/uploads\/2020\/04\/nc750x-1.jpg 460w, https:\/\/irmaoscruz.com\/gprix\/wp-content\/uploads\/2020\/04\/nc750x-1-230x300.jpg 230w, https:\/\/irmaoscruz.com\/gprix\/wp-content\/uploads\/2020\/04\/nc750x-1-115x150.jpg 115w, https:\/\/irmaoscruz.com\/gprix\/wp-content\/uploads\/2020\/04\/nc750x-1-300x391.jpg 300w\" sizes=\"auto, (max-width: 460px) 100vw, 460px\" \/><\/div><\/div>\t\t<\/div>\n\t<\/div>\n<\/div><\/div>[\/vc_column][\/vc_row]<\/p>\n<\/div>","protected":false},"excerpt":{"rendered":"<p>[vc_row disable_background_image=&#8221;&#8221;][vc_column][vc_column_text css=&#8221;&#8221;] &nbsp; &nbsp; &nbsp; [\/vc_column_text][\/vc_column][\/vc_row][vc_row disable_element=&#8221;yes&#8221; disable_background_image=&#8221;&#8221;][vc_column][\/vc_column][\/vc_row]<\/p>\n","protected":false},"author":2,"featured_media":0,"parent":0,"menu_order":0,"comment_status":"closed","ping_status":"closed","template":"","meta":{"footnotes":""},"class_list":["post-50524","page","type-page","status-publish","hentry"],"yoast_head":"<!-- This site is optimized with the Yoast SEO plugin v27.5 - https:\/\/yoast.com\/product\/yoast-seo-wordpress\/ -->\n<title>Campanhas - Irm&atilde;os Cruz Lda.<\/title>\n<meta name=\"robots\" content=\"noindex, follow, max-snippet:-1, max-image-preview:large, max-video-preview:-1\" \/>\n<meta property=\"og:locale\" content=\"pt_PT\" \/>\n<meta property=\"og:type\" content=\"article\" \/>\n<meta property=\"og:title\" content=\"Campanhas - Irm&atilde;os Cruz Lda.\" \/>\n<meta property=\"og:description\" content=\"[vc_row disable_background_image=&#8221;&#8221;][vc_column][vc_column_text css=&#8221;&#8221;] &nbsp; &nbsp; &nbsp; [\/vc_column_text][\/vc_column][\/vc_row][vc_row disable_element=&#8221;yes&#8221; disable_background_image=&#8221;&#8221;][vc_column][\/vc_column][\/vc_row]\" \/>\n<meta property=\"og:url\" content=\"https:\/\/irmaoscruz.com\/gprix\/campanhas\/\" \/>\n<meta property=\"og:site_name\" content=\"Irm&atilde;os Cruz Lda.\" \/>\n<meta property=\"article:publisher\" content=\"https:\/\/www.facebook.com\/Irmaoscruzlda\" \/>\n<meta property=\"article:modified_time\" content=\"2025-01-23T16:51:08+00:00\" \/>\n<meta property=\"og:image\" content=\"https:\/\/irmaoscruz.com\/gprix\/wp-content\/uploads\/2025\/01\/nx500-campanha.jpg\" \/>\n\t<meta property=\"og:image:width\" content=\"1080\" \/>\n\t<meta property=\"og:image:height\" content=\"1080\" \/>\n\t<meta property=\"og:image:type\" content=\"image\/jpeg\" \/>\n<meta name=\"twitter:card\" content=\"summary_large_image\" \/>\n<meta name=\"twitter:label1\" content=\"Tempo estimado de leitura\" \/>\n\t<meta name=\"twitter:data1\" content=\"2 minutos\" \/>\n<script type=\"application\/ld+json\" class=\"yoast-schema-graph\">{\"@context\":\"https:\\\/\\\/schema.org\",\"@graph\":[{\"@type\":\"WebPage\",\"@id\":\"https:\\\/\\\/irmaoscruz.com\\\/gprix\\\/campanhas\\\/\",\"url\":\"https:\\\/\\\/irmaoscruz.com\\\/gprix\\\/campanhas\\\/\",\"name\":\"Campanhas - Irm&atilde;os Cruz Lda.\",\"isPartOf\":{\"@id\":\"https:\\\/\\\/irmaoscruz.com\\\/gprix\\\/#website\"},\"primaryImageOfPage\":{\"@id\":\"https:\\\/\\\/irmaoscruz.com\\\/gprix\\\/campanhas\\\/#primaryimage\"},\"image\":{\"@id\":\"https:\\\/\\\/irmaoscruz.com\\\/gprix\\\/campanhas\\\/#primaryimage\"},\"thumbnailUrl\":\"https:\\\/\\\/irmaoscruz.com\\\/gprix\\\/wp-content\\\/uploads\\\/2025\\\/01\\\/nx500-campanha.jpg\",\"datePublished\":\"2020-04-09T21:37:44+00:00\",\"dateModified\":\"2025-01-23T16:51:08+00:00\",\"breadcrumb\":{\"@id\":\"https:\\\/\\\/irmaoscruz.com\\\/gprix\\\/campanhas\\\/#breadcrumb\"},\"inLanguage\":\"pt-PT\",\"potentialAction\":[{\"@type\":\"ReadAction\",\"target\":[\"https:\\\/\\\/irmaoscruz.com\\\/gprix\\\/campanhas\\\/\"]}]},{\"@type\":\"ImageObject\",\"inLanguage\":\"pt-PT\",\"@id\":\"https:\\\/\\\/irmaoscruz.com\\\/gprix\\\/campanhas\\\/#primaryimage\",\"url\":\"https:\\\/\\\/irmaoscruz.com\\\/gprix\\\/wp-content\\\/uploads\\\/2025\\\/01\\\/nx500-campanha.jpg\",\"contentUrl\":\"https:\\\/\\\/irmaoscruz.com\\\/gprix\\\/wp-content\\\/uploads\\\/2025\\\/01\\\/nx500-campanha.jpg\",\"width\":1080,\"height\":1080},{\"@type\":\"BreadcrumbList\",\"@id\":\"https:\\\/\\\/irmaoscruz.com\\\/gprix\\\/campanhas\\\/#breadcrumb\",\"itemListElement\":[{\"@type\":\"ListItem\",\"position\":1,\"name\":\"In\u00edcio\",\"item\":\"https:\\\/\\\/irmaoscruz.com\\\/gprix\\\/\"},{\"@type\":\"ListItem\",\"position\":2,\"name\":\"Campanhas\"}]},{\"@type\":\"WebSite\",\"@id\":\"https:\\\/\\\/irmaoscruz.com\\\/gprix\\\/#website\",\"url\":\"https:\\\/\\\/irmaoscruz.com\\\/gprix\\\/\",\"name\":\"Irm\u00e3os Cruz Lda.\",\"description\":\"Irm\u00e3os Cruz Lda.\",\"publisher\":{\"@id\":\"https:\\\/\\\/irmaoscruz.com\\\/gprix\\\/#organization\"},\"potentialAction\":[{\"@type\":\"SearchAction\",\"target\":{\"@type\":\"EntryPoint\",\"urlTemplate\":\"https:\\\/\\\/irmaoscruz.com\\\/gprix\\\/?s={search_term_string}\"},\"query-input\":{\"@type\":\"PropertyValueSpecification\",\"valueRequired\":true,\"valueName\":\"search_term_string\"}}],\"inLanguage\":\"pt-PT\"},{\"@type\":\"Organization\",\"@id\":\"https:\\\/\\\/irmaoscruz.com\\\/gprix\\\/#organization\",\"name\":\"Irm\u00e3os Cruz Lda.\",\"url\":\"https:\\\/\\\/irmaoscruz.com\\\/gprix\\\/\",\"logo\":{\"@type\":\"ImageObject\",\"inLanguage\":\"pt-PT\",\"@id\":\"https:\\\/\\\/irmaoscruz.com\\\/gprix\\\/#\\\/schema\\\/logo\\\/image\\\/\",\"url\":\"http:\\\/\\\/irmaoscruz.com\\\/gprix\\\/wp-content\\\/uploads\\\/2020\\\/03\\\/Logo-Branco-1.png\",\"contentUrl\":\"http:\\\/\\\/irmaoscruz.com\\\/gprix\\\/wp-content\\\/uploads\\\/2020\\\/03\\\/Logo-Branco-1.png\",\"width\":1486,\"height\":712,\"caption\":\"Irm\u00e3os Cruz Lda.\"},\"image\":{\"@id\":\"https:\\\/\\\/irmaoscruz.com\\\/gprix\\\/#\\\/schema\\\/logo\\\/image\\\/\"},\"sameAs\":[\"https:\\\/\\\/www.facebook.com\\\/Irmaoscruzlda\",\"https:\\\/\\\/www.instagram.com\\\/irmaos_cruz_lda\\\/\"]}]}<\/script>\n<!-- \/ Yoast SEO plugin. -->","yoast_head_json":{"title":"Campanhas - Irm&atilde;os Cruz Lda.","robots":{"index":"noindex","follow":"follow","max-snippet":"max-snippet:-1","max-image-preview":"max-image-preview:large","max-video-preview":"max-video-preview:-1"},"og_locale":"pt_PT","og_type":"article","og_title":"Campanhas - Irm&atilde;os Cruz Lda.","og_description":"[vc_row disable_background_image=&#8221;&#8221;][vc_column][vc_column_text css=&#8221;&#8221;] &nbsp; &nbsp; &nbsp; [\/vc_column_text][\/vc_column][\/vc_row][vc_row disable_element=&#8221;yes&#8221; disable_background_image=&#8221;&#8221;][vc_column][\/vc_column][\/vc_row]","og_url":"https:\/\/irmaoscruz.com\/gprix\/campanhas\/","og_site_name":"Irm&atilde;os Cruz Lda.","article_publisher":"https:\/\/www.facebook.com\/Irmaoscruzlda","article_modified_time":"2025-01-23T16:51:08+00:00","og_image":[{"width":1080,"height":1080,"url":"https:\/\/irmaoscruz.com\/gprix\/wp-content\/uploads\/2025\/01\/nx500-campanha.jpg","type":"image\/jpeg"}],"twitter_card":"summary_large_image","twitter_misc":{"Tempo estimado de leitura":"2 minutos"},"schema":{"@context":"https:\/\/schema.org","@graph":[{"@type":"WebPage","@id":"https:\/\/irmaoscruz.com\/gprix\/campanhas\/","url":"https:\/\/irmaoscruz.com\/gprix\/campanhas\/","name":"Campanhas - Irm&atilde;os Cruz Lda.","isPartOf":{"@id":"https:\/\/irmaoscruz.com\/gprix\/#website"},"primaryImageOfPage":{"@id":"https:\/\/irmaoscruz.com\/gprix\/campanhas\/#primaryimage"},"image":{"@id":"https:\/\/irmaoscruz.com\/gprix\/campanhas\/#primaryimage"},"thumbnailUrl":"https:\/\/irmaoscruz.com\/gprix\/wp-content\/uploads\/2025\/01\/nx500-campanha.jpg","datePublished":"2020-04-09T21:37:44+00:00","dateModified":"2025-01-23T16:51:08+00:00","breadcrumb":{"@id":"https:\/\/irmaoscruz.com\/gprix\/campanhas\/#breadcrumb"},"inLanguage":"pt-PT","potentialAction":[{"@type":"ReadAction","target":["https:\/\/irmaoscruz.com\/gprix\/campanhas\/"]}]},{"@type":"ImageObject","inLanguage":"pt-PT","@id":"https:\/\/irmaoscruz.com\/gprix\/campanhas\/#primaryimage","url":"https:\/\/irmaoscruz.com\/gprix\/wp-content\/uploads\/2025\/01\/nx500-campanha.jpg","contentUrl":"https:\/\/irmaoscruz.com\/gprix\/wp-content\/uploads\/2025\/01\/nx500-campanha.jpg","width":1080,"height":1080},{"@type":"BreadcrumbList","@id":"https:\/\/irmaoscruz.com\/gprix\/campanhas\/#breadcrumb","itemListElement":[{"@type":"ListItem","position":1,"name":"In\u00edcio","item":"https:\/\/irmaoscruz.com\/gprix\/"},{"@type":"ListItem","position":2,"name":"Campanhas"}]},{"@type":"WebSite","@id":"https:\/\/irmaoscruz.com\/gprix\/#website","url":"https:\/\/irmaoscruz.com\/gprix\/","name":"Irm\u00e3os Cruz Lda.","description":"Irm\u00e3os Cruz Lda.","publisher":{"@id":"https:\/\/irmaoscruz.com\/gprix\/#organization"},"potentialAction":[{"@type":"SearchAction","target":{"@type":"EntryPoint","urlTemplate":"https:\/\/irmaoscruz.com\/gprix\/?s={search_term_string}"},"query-input":{"@type":"PropertyValueSpecification","valueRequired":true,"valueName":"search_term_string"}}],"inLanguage":"pt-PT"},{"@type":"Organization","@id":"https:\/\/irmaoscruz.com\/gprix\/#organization","name":"Irm\u00e3os Cruz Lda.","url":"https:\/\/irmaoscruz.com\/gprix\/","logo":{"@type":"ImageObject","inLanguage":"pt-PT","@id":"https:\/\/irmaoscruz.com\/gprix\/#\/schema\/logo\/image\/","url":"http:\/\/irmaoscruz.com\/gprix\/wp-content\/uploads\/2020\/03\/Logo-Branco-1.png","contentUrl":"http:\/\/irmaoscruz.com\/gprix\/wp-content\/uploads\/2020\/03\/Logo-Branco-1.png","width":1486,"height":712,"caption":"Irm\u00e3os Cruz Lda."},"image":{"@id":"https:\/\/irmaoscruz.com\/gprix\/#\/schema\/logo\/image\/"},"sameAs":["https:\/\/www.facebook.com\/Irmaoscruzlda","https:\/\/www.instagram.com\/irmaos_cruz_lda\/"]}]}},"_links":{"self":[{"href":"https:\/\/irmaoscruz.com\/gprix\/wp-json\/wp\/v2\/pages\/50524","targetHints":{"allow":["GET"]}}],"collection":[{"href":"https:\/\/irmaoscruz.com\/gprix\/wp-json\/wp\/v2\/pages"}],"about":[{"href":"https:\/\/irmaoscruz.com\/gprix\/wp-json\/wp\/v2\/types\/page"}],"author":[{"embeddable":true,"href":"https:\/\/irmaoscruz.com\/gprix\/wp-json\/wp\/v2\/users\/2"}],"replies":[{"embeddable":true,"href":"https:\/\/irmaoscruz.com\/gprix\/wp-json\/wp\/v2\/comments?post=50524"}],"version-history":[{"count":26,"href":"https:\/\/irmaoscruz.com\/gprix\/wp-json\/wp\/v2\/pages\/50524\/revisions"}],"predecessor-version":[{"id":51959,"href":"https:\/\/irmaoscruz.com\/gprix\/wp-json\/wp\/v2\/pages\/50524\/revisions\/51959"}],"wp:attachment":[{"href":"https:\/\/irmaoscruz.com\/gprix\/wp-json\/wp\/v2\/media?parent=50524"}],"curies":[{"name":"wp","href":"https:\/\/api.w.org\/{rel}","templated":true}]}}