{"id":2889,"date":"2020-03-26T17:38:13","date_gmt":"2020-03-26T17:38:13","guid":{"rendered":"http:\/\/irmaoscruz.com\/gprix\/?post_type=product&#038;p=2889"},"modified":"2025-01-15T17:55:38","modified_gmt":"2025-01-15T17:55:38","slug":"cb125r","status":"publish","type":"product","link":"https:\/\/irmaoscruz.com\/gprix\/product\/cb125r\/","title":{"rendered":"CB125R"},"content":{"rendered":"<div class=\"wpb-content-wrapper\"><p>[vc_row disable_background_image=&#8221;&#8221;][vc_column][vc_column_text css=&#8221;&#8221;]<strong><span class=\"title\">Motor<\/span><\/strong><\/p>\n<div class=\"content\">\n<table>\n<tbody>\n<tr>\n<td class=\"title\">DI\u00c2METRO X CURSO (mm)<\/td>\n<td class=\"result\">57,3mm x 48,4mm<\/td>\n<\/tr>\n<tr>\n<td class=\"title\">ALIMENTA\u00c7\u00c3O<\/td>\n<td class=\"result\">Sistema de inje\u00e7\u00e3o programada de gasolina (PGM-FI)<\/td>\n<\/tr>\n<tr>\n<td class=\"title\">TAXA DE COMPRESS\u00c3O<\/td>\n<td class=\"result\">11.3:1<\/td>\n<\/tr>\n<tr>\n<td class=\"title\">EMISS\u00d5ES C02 (g\/km)<\/td>\n<td class=\"result\">50 g\/km<\/td>\n<\/tr>\n<tr>\n<td class=\"title\">CILINDRADA (cm3)<\/td>\n<td class=\"result\">124,9cc<\/td>\n<\/tr>\n<tr>\n<td class=\"title\">TIPO DE MOTOR<\/td>\n<td class=\"result\">4 tempos, monocil\u00edndrico, SOHC, 4 v\u00e1lvulas, refrigera\u00e7\u00e3o l\u00edquida<\/td>\n<\/tr>\n<tr>\n<td class=\"title\">POT\u00caNCIA M\u00c1XIMA<\/td>\n<td class=\"result\">11kW \/ 1.0000rpm<\/td>\n<\/tr>\n<tr>\n<td class=\"title\">BIN\u00c1RIO M\u00c1XIMO<\/td>\n<td class=\"result\">11,6Nm \/ 8.000rpm<\/td>\n<\/tr>\n<tr>\n<td class=\"title\">CAPACIDADE DE \u00d3LEO (Litros)<\/td>\n<td class=\"result\">1,5L<\/td>\n<\/tr>\n<tr>\n<td class=\"title\">ARRANQUE<\/td>\n<td class=\"result\">El\u00e9ctrico<\/td>\n<\/tr>\n<\/tbody>\n<\/table>\n<\/div>\n<p>&nbsp;<\/p>\n<p><strong><span class=\"title\">Rodas<\/span><\/strong><\/p>\n<div class=\"content\">\n<table>\n<tbody>\n<tr>\n<td class=\"title\">TRAV\u00d5ES FRENTE<\/td>\n<td class=\"result\">1 disco de \u00d8 296 mm com maxila Nissin de 4 pist\u00f5es de acionamento hidr\u00e1ulico e montagem radial<\/td>\n<\/tr>\n<tr>\n<td class=\"title\">TRAV\u00d5ES RECTAGUARDA<\/td>\n<td class=\"result\">1 disco de \u00d8 220 mm com maxila de 1 pist\u00e3o de acionamento hidr\u00e1ulico \/ ABS com IMU<\/td>\n<\/tr>\n<tr>\n<td class=\"title\">SUSPENS\u00c3O &#8211; FRENTE<\/td>\n<td class=\"result\">Forquilha invertida USD \u00d8 41 mm, 130 mm de curso<\/td>\n<\/tr>\n<tr>\n<td class=\"title\">SUSPENS\u00c3O &#8211; RECTAGUARDA<\/td>\n<td class=\"result\">Amortecedor com ajuste de pr\u00e9-carga<\/td>\n<\/tr>\n<tr>\n<td class=\"title\">PNEUS &#8211; FRENTE<\/td>\n<td class=\"result\">110\/70R17M\/C 54H<\/td>\n<\/tr>\n<tr>\n<td class=\"title\">PNEUS &#8211; RECTAGUARDA<\/td>\n<td class=\"result\">150\/60R17M\/C 66H<\/td>\n<\/tr>\n<tr>\n<td class=\"title\">RODA &#8211; TIPO &#8211; FRENTE<\/td>\n<td class=\"result\">17M\/C x MT3.00<\/td>\n<\/tr>\n<tr>\n<td class=\"title\">RODA &#8211; TIPO &#8211; RECTAGUARDA<\/td>\n<td class=\"result\">17M\/C x MT4.00<\/td>\n<\/tr>\n<\/tbody>\n<\/table>\n<\/div>\n<p>&nbsp;<\/p>\n<p><strong><span class=\"title\">Cicl\u00edstica<\/span><\/strong><\/p>\n<div class=\"content\">\n<table>\n<tbody>\n<tr>\n<td class=\"title\">BATERIA<\/td>\n<td class=\"result\">YTZ6V 12V 5Ah MF<\/td>\n<\/tr>\n<tr>\n<td class=\"title\">\u00c2NGULO DA COLUNA DE DIREC\u00c7\u00c3O<\/td>\n<td class=\"result\">24,2\u00b0<\/td>\n<\/tr>\n<tr>\n<td class=\"title\">DIMENS\u00d5ES (mm)<\/td>\n<td class=\"result\">2015mm x 820mm x 1055mm<\/td>\n<\/tr>\n<tr>\n<td class=\"title\">QUADRO<\/td>\n<td class=\"result\">Chassis tipo diamante em a\u00e7o<\/td>\n<\/tr>\n<tr>\n<td class=\"title\">DEP\u00d3SITO DE COMBUST\u00cdVEL (Litros)<\/td>\n<td class=\"result\">10,1L<\/td>\n<\/tr>\n<tr>\n<td class=\"title\">CONSUMO DE COMBUST\u00cdVEL<\/td>\n<td class=\"result\">45.5km\/L<\/td>\n<\/tr>\n<tr>\n<td class=\"title\">DIST\u00c2NCIA LIVRE AO SOLO (mm)<\/td>\n<td class=\"result\">140mm<\/td>\n<\/tr>\n<tr>\n<td class=\"title\">LUZES<\/td>\n<td class=\"result\">LED<\/td>\n<\/tr>\n<tr>\n<td class=\"title\">PESO EM ORDEM DE MARCHA (kg)<\/td>\n<td class=\"result\">130kg<\/td>\n<\/tr>\n<tr>\n<td class=\"title\">ALTURA DO ASSENTO (mm)<\/td>\n<td class=\"result\">816mm<\/td>\n<\/tr>\n<tr>\n<td class=\"title\">TRAIL (mm)<\/td>\n<td class=\"result\">90,2mm<\/td>\n<\/tr>\n<tr>\n<td class=\"title\">DIST\u00c2NCIA ENTRE EIXOS (mm)<\/td>\n<td class=\"result\">1345mm<\/td>\n<\/tr>\n<\/tbody>\n<\/table>\n<\/div>\n<p>&nbsp;<\/p>\n<p><strong><span class=\"title\">Transmiss\u00e3o<\/span><\/strong><\/p>\n<div class=\"content\">\n<table>\n<tbody>\n<tr>\n<td class=\"title\">EMBRAIAGEM<\/td>\n<td class=\"result\">Multidisco em banho de \u00f3leo com molas helicoidais<\/td>\n<\/tr>\n<tr>\n<td class=\"title\">TRANSMISS\u00c3O FINAL<\/td>\n<td class=\"result\">Corrente<\/td>\n<\/tr>\n<tr>\n<td class=\"title\">CAIXA DE VELOCIDADES<\/td>\n<td class=\"result\">6 velocidades<\/td>\n<\/tr>\n<\/tbody>\n<\/table>\n<\/div>\n<p>&nbsp;<\/p>\n<p><strong><span class=\"title\">Instrumentos e Eletr\u00f3nicos<\/span><\/strong><\/p>\n<div class=\"content\">\n<table>\n<tbody>\n<tr>\n<td class=\"title\">INSTRUMENTOS<\/td>\n<td class=\"result\">Ecran TFT a cores de 5 polegadas<\/td>\n<\/tr>\n<tr>\n<td class=\"title\">FAROLIM<\/td>\n<td class=\"result\">LED<\/td>\n<\/tr>\n<tr>\n<td class=\"title\">Security<\/td>\n<td class=\"result\">HISS<\/td>\n<\/tr>\n<\/tbody>\n<\/table>\n<\/div>\n<p>[\/vc_column_text][\/vc_column][\/vc_row]<\/p>\n<\/div>","protected":false},"excerpt":{"rendered":"<p>* Pre\u00e7o inclui ISV e IVA \u00e0 taxa em vigor. N\u00e3o inclui despesas de documenta\u00e7\u00e3o, prepara\u00e7\u00e3o e eco-valor dos pneus no valor de<strong> 300\u20ac<\/strong>.<\/p>\n<p>Pode ser conduzida com carta de carro<\/p>\n","protected":false},"featured_media":51825,"comment_status":"closed","ping_status":"closed","template":"","meta":[],"product_brand":[],"product_cat":[84,82],"product_tag":[],"class_list":{"0":"post-2889","1":"product","2":"type-product","3":"status-publish","4":"has-post-thumbnail","6":"product_cat-motos-125","7":"product_cat-street","9":"first","10":"instock","11":"shipping-taxable","12":"purchasable","13":"product-type-simple"},"yoast_head":"<!-- This site is optimized with the Yoast SEO plugin v27.5 - https:\/\/yoast.com\/product\/yoast-seo-wordpress\/ -->\n<title>CB125R - Irm&atilde;os Cruz Lda.<\/title>\n<meta name=\"robots\" content=\"noindex, follow, max-snippet:-1, max-image-preview:large, max-video-preview:-1\" \/>\n<meta property=\"og:locale\" content=\"pt_PT\" \/>\n<meta property=\"og:type\" content=\"article\" \/>\n<meta property=\"og:title\" content=\"CB125R - Irm&atilde;os Cruz Lda.\" \/>\n<meta property=\"og:description\" content=\"* Pre\u00e7o inclui ISV e IVA \u00e0 taxa em vigor. N\u00e3o inclui despesas de documenta\u00e7\u00e3o, prepara\u00e7\u00e3o e eco-valor dos pneus no valor de 300\u20ac.  Pode ser conduzida com carta de carro\" \/>\n<meta property=\"og:url\" content=\"https:\/\/irmaoscruz.com\/gprix\/product\/cb125r\/\" \/>\n<meta property=\"og:site_name\" content=\"Irm&atilde;os Cruz Lda.\" \/>\n<meta property=\"article:publisher\" content=\"https:\/\/www.facebook.com\/Irmaoscruzlda\" \/>\n<meta property=\"article:modified_time\" content=\"2025-01-15T17:55:38+00:00\" \/>\n<meta property=\"og:image\" content=\"https:\/\/irmaoscruz.com\/gprix\/wp-content\/uploads\/2020\/03\/cb125r-2.jpg\" \/>\n\t<meta property=\"og:image:width\" content=\"2090\" \/>\n\t<meta property=\"og:image:height\" content=\"1176\" \/>\n\t<meta property=\"og:image:type\" content=\"image\/jpeg\" \/>\n<meta name=\"twitter:card\" content=\"summary_large_image\" \/>\n<meta name=\"twitter:label1\" content=\"Tempo estimado de leitura\" \/>\n\t<meta name=\"twitter:data1\" content=\"2 minutos\" \/>\n<script type=\"application\/ld+json\" class=\"yoast-schema-graph\">{\"@context\":\"https:\\\/\\\/schema.org\",\"@graph\":[{\"@type\":\"WebPage\",\"@id\":\"https:\\\/\\\/irmaoscruz.com\\\/gprix\\\/product\\\/cb125r\\\/\",\"url\":\"https:\\\/\\\/irmaoscruz.com\\\/gprix\\\/product\\\/cb125r\\\/\",\"name\":\"CB125R - Irm&atilde;os Cruz Lda.\",\"isPartOf\":{\"@id\":\"https:\\\/\\\/irmaoscruz.com\\\/gprix\\\/#website\"},\"primaryImageOfPage\":{\"@id\":\"https:\\\/\\\/irmaoscruz.com\\\/gprix\\\/product\\\/cb125r\\\/#primaryimage\"},\"image\":{\"@id\":\"https:\\\/\\\/irmaoscruz.com\\\/gprix\\\/product\\\/cb125r\\\/#primaryimage\"},\"thumbnailUrl\":\"https:\\\/\\\/irmaoscruz.com\\\/gprix\\\/wp-content\\\/uploads\\\/2020\\\/03\\\/cb125r-2.jpg\",\"datePublished\":\"2020-03-26T17:38:13+00:00\",\"dateModified\":\"2025-01-15T17:55:38+00:00\",\"breadcrumb\":{\"@id\":\"https:\\\/\\\/irmaoscruz.com\\\/gprix\\\/product\\\/cb125r\\\/#breadcrumb\"},\"inLanguage\":\"pt-PT\",\"potentialAction\":[{\"@type\":\"ReadAction\",\"target\":[\"https:\\\/\\\/irmaoscruz.com\\\/gprix\\\/product\\\/cb125r\\\/\"]}]},{\"@type\":\"ImageObject\",\"inLanguage\":\"pt-PT\",\"@id\":\"https:\\\/\\\/irmaoscruz.com\\\/gprix\\\/product\\\/cb125r\\\/#primaryimage\",\"url\":\"https:\\\/\\\/irmaoscruz.com\\\/gprix\\\/wp-content\\\/uploads\\\/2020\\\/03\\\/cb125r-2.jpg\",\"contentUrl\":\"https:\\\/\\\/irmaoscruz.com\\\/gprix\\\/wp-content\\\/uploads\\\/2020\\\/03\\\/cb125r-2.jpg\",\"width\":2090,\"height\":1176},{\"@type\":\"BreadcrumbList\",\"@id\":\"https:\\\/\\\/irmaoscruz.com\\\/gprix\\\/product\\\/cb125r\\\/#breadcrumb\",\"itemListElement\":[{\"@type\":\"ListItem\",\"position\":1,\"name\":\"In\u00edcio\",\"item\":\"https:\\\/\\\/irmaoscruz.com\\\/gprix\\\/\"},{\"@type\":\"ListItem\",\"position\":2,\"name\":\"Loja\",\"item\":\"https:\\\/\\\/irmaoscruz.com\\\/gprix\\\/loja\\\/\"},{\"@type\":\"ListItem\",\"position\":3,\"name\":\"CB125R\"}]},{\"@type\":\"WebSite\",\"@id\":\"https:\\\/\\\/irmaoscruz.com\\\/gprix\\\/#website\",\"url\":\"https:\\\/\\\/irmaoscruz.com\\\/gprix\\\/\",\"name\":\"Irm\u00e3os Cruz Lda.\",\"description\":\"Irm\u00e3os Cruz Lda.\",\"publisher\":{\"@id\":\"https:\\\/\\\/irmaoscruz.com\\\/gprix\\\/#organization\"},\"potentialAction\":[{\"@type\":\"SearchAction\",\"target\":{\"@type\":\"EntryPoint\",\"urlTemplate\":\"https:\\\/\\\/irmaoscruz.com\\\/gprix\\\/?s={search_term_string}\"},\"query-input\":{\"@type\":\"PropertyValueSpecification\",\"valueRequired\":true,\"valueName\":\"search_term_string\"}}],\"inLanguage\":\"pt-PT\"},{\"@type\":\"Organization\",\"@id\":\"https:\\\/\\\/irmaoscruz.com\\\/gprix\\\/#organization\",\"name\":\"Irm\u00e3os Cruz Lda.\",\"url\":\"https:\\\/\\\/irmaoscruz.com\\\/gprix\\\/\",\"logo\":{\"@type\":\"ImageObject\",\"inLanguage\":\"pt-PT\",\"@id\":\"https:\\\/\\\/irmaoscruz.com\\\/gprix\\\/#\\\/schema\\\/logo\\\/image\\\/\",\"url\":\"http:\\\/\\\/irmaoscruz.com\\\/gprix\\\/wp-content\\\/uploads\\\/2020\\\/03\\\/Logo-Branco-1.png\",\"contentUrl\":\"http:\\\/\\\/irmaoscruz.com\\\/gprix\\\/wp-content\\\/uploads\\\/2020\\\/03\\\/Logo-Branco-1.png\",\"width\":1486,\"height\":712,\"caption\":\"Irm\u00e3os Cruz Lda.\"},\"image\":{\"@id\":\"https:\\\/\\\/irmaoscruz.com\\\/gprix\\\/#\\\/schema\\\/logo\\\/image\\\/\"},\"sameAs\":[\"https:\\\/\\\/www.facebook.com\\\/Irmaoscruzlda\",\"https:\\\/\\\/www.instagram.com\\\/irmaos_cruz_lda\\\/\"]}]}<\/script>\n<!-- \/ Yoast SEO plugin. -->","yoast_head_json":{"title":"CB125R - Irm&atilde;os Cruz Lda.","robots":{"index":"noindex","follow":"follow","max-snippet":"max-snippet:-1","max-image-preview":"max-image-preview:large","max-video-preview":"max-video-preview:-1"},"og_locale":"pt_PT","og_type":"article","og_title":"CB125R - Irm&atilde;os Cruz Lda.","og_description":"* Pre\u00e7o inclui ISV e IVA \u00e0 taxa em vigor. N\u00e3o inclui despesas de documenta\u00e7\u00e3o, prepara\u00e7\u00e3o e eco-valor dos pneus no valor de 300\u20ac.  Pode ser conduzida com carta de carro","og_url":"https:\/\/irmaoscruz.com\/gprix\/product\/cb125r\/","og_site_name":"Irm&atilde;os Cruz Lda.","article_publisher":"https:\/\/www.facebook.com\/Irmaoscruzlda","article_modified_time":"2025-01-15T17:55:38+00:00","og_image":[{"width":2090,"height":1176,"url":"https:\/\/irmaoscruz.com\/gprix\/wp-content\/uploads\/2020\/03\/cb125r-2.jpg","type":"image\/jpeg"}],"twitter_card":"summary_large_image","twitter_misc":{"Tempo estimado de leitura":"2 minutos"},"schema":{"@context":"https:\/\/schema.org","@graph":[{"@type":"WebPage","@id":"https:\/\/irmaoscruz.com\/gprix\/product\/cb125r\/","url":"https:\/\/irmaoscruz.com\/gprix\/product\/cb125r\/","name":"CB125R - Irm&atilde;os Cruz Lda.","isPartOf":{"@id":"https:\/\/irmaoscruz.com\/gprix\/#website"},"primaryImageOfPage":{"@id":"https:\/\/irmaoscruz.com\/gprix\/product\/cb125r\/#primaryimage"},"image":{"@id":"https:\/\/irmaoscruz.com\/gprix\/product\/cb125r\/#primaryimage"},"thumbnailUrl":"https:\/\/irmaoscruz.com\/gprix\/wp-content\/uploads\/2020\/03\/cb125r-2.jpg","datePublished":"2020-03-26T17:38:13+00:00","dateModified":"2025-01-15T17:55:38+00:00","breadcrumb":{"@id":"https:\/\/irmaoscruz.com\/gprix\/product\/cb125r\/#breadcrumb"},"inLanguage":"pt-PT","potentialAction":[{"@type":"ReadAction","target":["https:\/\/irmaoscruz.com\/gprix\/product\/cb125r\/"]}]},{"@type":"ImageObject","inLanguage":"pt-PT","@id":"https:\/\/irmaoscruz.com\/gprix\/product\/cb125r\/#primaryimage","url":"https:\/\/irmaoscruz.com\/gprix\/wp-content\/uploads\/2020\/03\/cb125r-2.jpg","contentUrl":"https:\/\/irmaoscruz.com\/gprix\/wp-content\/uploads\/2020\/03\/cb125r-2.jpg","width":2090,"height":1176},{"@type":"BreadcrumbList","@id":"https:\/\/irmaoscruz.com\/gprix\/product\/cb125r\/#breadcrumb","itemListElement":[{"@type":"ListItem","position":1,"name":"In\u00edcio","item":"https:\/\/irmaoscruz.com\/gprix\/"},{"@type":"ListItem","position":2,"name":"Loja","item":"https:\/\/irmaoscruz.com\/gprix\/loja\/"},{"@type":"ListItem","position":3,"name":"CB125R"}]},{"@type":"WebSite","@id":"https:\/\/irmaoscruz.com\/gprix\/#website","url":"https:\/\/irmaoscruz.com\/gprix\/","name":"Irm\u00e3os Cruz Lda.","description":"Irm\u00e3os Cruz Lda.","publisher":{"@id":"https:\/\/irmaoscruz.com\/gprix\/#organization"},"potentialAction":[{"@type":"SearchAction","target":{"@type":"EntryPoint","urlTemplate":"https:\/\/irmaoscruz.com\/gprix\/?s={search_term_string}"},"query-input":{"@type":"PropertyValueSpecification","valueRequired":true,"valueName":"search_term_string"}}],"inLanguage":"pt-PT"},{"@type":"Organization","@id":"https:\/\/irmaoscruz.com\/gprix\/#organization","name":"Irm\u00e3os Cruz Lda.","url":"https:\/\/irmaoscruz.com\/gprix\/","logo":{"@type":"ImageObject","inLanguage":"pt-PT","@id":"https:\/\/irmaoscruz.com\/gprix\/#\/schema\/logo\/image\/","url":"http:\/\/irmaoscruz.com\/gprix\/wp-content\/uploads\/2020\/03\/Logo-Branco-1.png","contentUrl":"http:\/\/irmaoscruz.com\/gprix\/wp-content\/uploads\/2020\/03\/Logo-Branco-1.png","width":1486,"height":712,"caption":"Irm\u00e3os Cruz Lda."},"image":{"@id":"https:\/\/irmaoscruz.com\/gprix\/#\/schema\/logo\/image\/"},"sameAs":["https:\/\/www.facebook.com\/Irmaoscruzlda","https:\/\/www.instagram.com\/irmaos_cruz_lda\/"]}]}},"_links":{"self":[{"href":"https:\/\/irmaoscruz.com\/gprix\/wp-json\/wp\/v2\/product\/2889","targetHints":{"allow":["GET"]}}],"collection":[{"href":"https:\/\/irmaoscruz.com\/gprix\/wp-json\/wp\/v2\/product"}],"about":[{"href":"https:\/\/irmaoscruz.com\/gprix\/wp-json\/wp\/v2\/types\/product"}],"replies":[{"embeddable":true,"href":"https:\/\/irmaoscruz.com\/gprix\/wp-json\/wp\/v2\/comments?post=2889"}],"wp:featuredmedia":[{"embeddable":true,"href":"https:\/\/irmaoscruz.com\/gprix\/wp-json\/wp\/v2\/media\/51825"}],"wp:attachment":[{"href":"https:\/\/irmaoscruz.com\/gprix\/wp-json\/wp\/v2\/media?parent=2889"}],"wp:term":[{"taxonomy":"product_brand","embeddable":true,"href":"https:\/\/irmaoscruz.com\/gprix\/wp-json\/wp\/v2\/product_brand?post=2889"},{"taxonomy":"product_cat","embeddable":true,"href":"https:\/\/irmaoscruz.com\/gprix\/wp-json\/wp\/v2\/product_cat?post=2889"},{"taxonomy":"product_tag","embeddable":true,"href":"https:\/\/irmaoscruz.com\/gprix\/wp-json\/wp\/v2\/product_tag?post=2889"}],"curies":[{"name":"wp","href":"https:\/\/api.w.org\/{rel}","templated":true}]}}