{"id":2995,"date":"2020-03-27T23:58:18","date_gmt":"2020-03-27T23:58:18","guid":{"rendered":"http:\/\/irmaoscruz.com\/gprix\/?post_type=product&#038;p=2995"},"modified":"2025-04-17T13:30:22","modified_gmt":"2025-04-17T13:30:22","slug":"gold-wing-tour-dct","status":"publish","type":"product","link":"https:\/\/irmaoscruz.com\/gprix\/product\/gold-wing-tour-dct\/","title":{"rendered":"Gold Wing Tour DCT"},"content":{"rendered":"<div class=\"wpb-content-wrapper\"><p>[vc_row disable_background_image=&#8221;&#8221;][vc_column][vc_column_text]<strong><span class=\"title\">Motor<\/span><\/strong><\/p>\n<div class=\"content\">\n<table>\n<tbody>\n<tr>\n<td class=\"title\">DI\u00c2METRO X CURSO (mm)<\/td>\n<td class=\"result\">73mm x 73mm<\/td>\n<\/tr>\n<tr>\n<td class=\"title\">ALIMENTA\u00c7\u00c3O<\/td>\n<td class=\"result\">Injec\u00e7\u00e3o electr\u00f3nica PGM-FI<\/td>\n<\/tr>\n<tr>\n<td class=\"title\">TAXA DE COMPRESS\u00c3O<\/td>\n<td class=\"result\">10.5:1<\/td>\n<\/tr>\n<tr>\n<td class=\"title\">EMISS\u00d5ES C02 (g\/km)<\/td>\n<td class=\"result\">127 g\/km (DCT)<\/td>\n<\/tr>\n<tr>\n<td class=\"title\">CILINDRADA (cm3)<\/td>\n<td class=\"result\">1.833cc<\/td>\n<\/tr>\n<tr>\n<td class=\"title\">TIPO DE MOTOR<\/td>\n<td class=\"result\">6 cilindros opostos, refrigerado por l\u00edquido, 4 tempos, SOHC, 24 v\u00e1lvulas<\/td>\n<\/tr>\n<tr>\n<td class=\"title\">POT\u00caNCIA M\u00c1XIMA<\/td>\n<td class=\"result\">93kW\/5.500rpm<\/td>\n<\/tr>\n<tr>\n<td class=\"title\">BIN\u00c1RIO M\u00c1XIMO<\/td>\n<td class=\"result\">170Nm\/4.500rpm<\/td>\n<\/tr>\n<tr>\n<td class=\"title\">CAPACIDADE DE \u00d3LEO (Litros)<\/td>\n<td class=\"result\">5,6 l (DCT)<\/td>\n<\/tr>\n<tr>\n<td class=\"title\">ARRANQUE<\/td>\n<td class=\"result\">Sistema integrado de arranque autom\u00e1tico<\/td>\n<\/tr>\n<\/tbody>\n<\/table>\n<\/div>\n<p>&nbsp;<\/p>\n<p><strong><span class=\"title\">Rodas<\/span><\/strong><\/p>\n<div class=\"content\">\n<table>\n<tbody>\n<tr>\n<td class=\"title\">TRAV\u00d5ES FRENTE<\/td>\n<td class=\"result\">Dois discos flutuantes de 320mm x 4.5mm com maxilas de 6 \u00eambolos de acionamento hidr\u00e1ulico, e pastilhas de metal sinterizado<\/td>\n<\/tr>\n<tr>\n<td class=\"title\">TRAV\u00d5ES RECTAGUARDA<\/td>\n<td class=\"result\">Disco ventilado de 316mm x 11mm com maxila de 3 \u00eambolos de acionamento hidr\u00e1ulico, e pastilhas de metal sinterizado<\/td>\n<\/tr>\n<tr>\n<td class=\"title\">SUSPENS\u00c3O &#8211; FRENTE<\/td>\n<td class=\"result\">Suspens\u00e3o dianteira tipo duplo trap\u00e9zio de aluminio, amortecedor com ajuste electr\u00f3nico, 110 mm de curso<\/td>\n<\/tr>\n<tr>\n<td class=\"title\">SUSPENS\u00c3O &#8211; RECTAGUARDA<\/td>\n<td class=\"result\">Amortecedor com ajuste electr\u00f3nico de pr\u00e9-carga acionada por bielas Pro-Link, 105 mm de curso<\/td>\n<\/tr>\n<tr>\n<td class=\"title\">PNEUS &#8211; FRENTE<\/td>\n<td class=\"result\">130\/70R18 M\/C<\/td>\n<\/tr>\n<tr>\n<td class=\"title\">PNEUS &#8211; RECTAGUARDA<\/td>\n<td class=\"result\">200\/55R16 M\/C<\/td>\n<\/tr>\n<tr>\n<td class=\"title\">RODA &#8211; TIPO &#8211; FRENTE<\/td>\n<td class=\"result\">18M\/C x MT3.5<\/td>\n<\/tr>\n<tr>\n<td class=\"title\">RODA &#8211; TIPO &#8211; RECTAGUARDA<\/td>\n<td class=\"result\">16M\/C x MT6.0<\/td>\n<\/tr>\n<\/tbody>\n<\/table>\n<\/div>\n<p>&nbsp;<\/p>\n<p><strong><span class=\"title\">Cicl\u00edstica<\/span><\/strong><\/p>\n<div class=\"content\">\n<table>\n<tbody>\n<tr>\n<td class=\"title\">BATERIA<\/td>\n<td class=\"result\">12V\/20AH<\/td>\n<\/tr>\n<tr>\n<td class=\"title\">\u00c2NGULO DA COLUNA DE DIREC\u00c7\u00c3O<\/td>\n<td class=\"result\">30,5\u00b0<\/td>\n<\/tr>\n<tr>\n<td class=\"title\">DIMENS\u00d5ES (mm)<\/td>\n<td class=\"result\">2.615mm x 905mm x 1.430mm (DCT)<\/td>\n<\/tr>\n<tr>\n<td class=\"title\">QUADRO<\/td>\n<td class=\"result\">Dupla trave em liga de alum\u00ednio<\/td>\n<\/tr>\n<tr>\n<td class=\"title\">DEP\u00d3SITO DE COMBUST\u00cdVEL (Litros)<\/td>\n<td class=\"result\">21,1 litros<\/td>\n<\/tr>\n<tr>\n<td class=\"title\">CONSUMO DE COMBUST\u00cdVEL<\/td>\n<td class=\"result\">5,5 l\/100km<\/td>\n<\/tr>\n<tr>\n<td class=\"title\">DIST\u00c2NCIA LIVRE AO SOLO (mm)<\/td>\n<td class=\"result\">130mm<\/td>\n<\/tr>\n<tr>\n<td class=\"title\">LUZES<\/td>\n<td class=\"result\">LED<\/td>\n<\/tr>\n<tr>\n<td class=\"title\">PESO EM ORDEM DE MARCHA (kg)<\/td>\n<td class=\"result\">390kg (DCT)<\/td>\n<\/tr>\n<tr>\n<td class=\"title\">ALTURA DO ASSENTO (mm)<\/td>\n<td class=\"result\">745mm<\/td>\n<\/tr>\n<tr>\n<td class=\"title\">TRAIL (mm)<\/td>\n<td class=\"result\">109mm<\/td>\n<\/tr>\n<tr>\n<td class=\"title\">DIST\u00c2NCIA ENTRE EIXOS (mm)<\/td>\n<td class=\"result\">1.695mm<\/td>\n<\/tr>\n<\/tbody>\n<\/table>\n<\/div>\n<p>&nbsp;<\/p>\n<p><strong><span class=\"title\">Transmiss\u00e3o<\/span><\/strong><\/p>\n<div class=\"content\">\n<table>\n<tbody>\n<tr>\n<td class=\"title\">EMBRAIAGEM<\/td>\n<td class=\"result\">Hidr\u00e1ulica, h\u00famida, multi-discos com press\u00e3o de \u00f3leo (DCT)<\/td>\n<\/tr>\n<tr>\n<td class=\"title\">TRANSMISS\u00c3O FINAL<\/td>\n<td class=\"result\">Veio selado<\/td>\n<\/tr>\n<tr>\n<td class=\"title\">CAIXA DE VELOCIDADES<\/td>\n<td class=\"result\">Transmis\u00e3o de dupla embraiagem de 7 velocidades e marcha-atr\u00e1s<\/td>\n<\/tr>\n<tr>\n<td class=\"title\">TIPO TRANSMISS\u00c3O<\/td>\n<td class=\"result\">7 velocidades<\/td>\n<\/tr>\n<\/tbody>\n<\/table>\n<\/div>\n<p>&nbsp;<\/p>\n<p><strong><span class=\"title\">Instrumentos e Eletr\u00f3nicos<\/span><\/strong><\/p>\n<div class=\"content\">\n<table>\n<tbody>\n<tr>\n<td class=\"title\">TOMADA 12V<\/td>\n<td class=\"result\">Opcional<\/td>\n<\/tr>\n<tr>\n<td class=\"title\">INSTRUMENTOS<\/td>\n<td class=\"result\">Ecran TFT de 7 polegadas<\/td>\n<\/tr>\n<tr>\n<td class=\"title\">FAROLIM<\/td>\n<td class=\"result\">LED<\/td>\n<\/tr>\n<tr>\n<td class=\"title\">Connectivity<\/td>\n<td class=\"result\">Audio Bluetooth e Apple CarPlay \/ Android auto<\/td>\n<\/tr>\n<tr>\n<td class=\"title\">TOMADA USB<\/td>\n<td class=\"result\">Sim<\/td>\n<\/tr>\n<tr>\n<td class=\"title\">Self Cancelling Indicators<\/td>\n<td class=\"result\">Sim<\/td>\n<\/tr>\n<tr>\n<td class=\"title\">Cruise Control<\/td>\n<td class=\"result\">Sim<\/td>\n<\/tr>\n<tr>\n<td class=\"title\">Security<\/td>\n<td class=\"result\">Imobilizador<\/td>\n<\/tr>\n<\/tbody>\n<\/table>\n<\/div>\n<p>[\/vc_column_text][\/vc_column][\/vc_row]<\/p>\n<\/div>","protected":false},"excerpt":{"rendered":"<p>* Pre\u00e7o inclui ISV e IVA \u00e0 taxa em vigor. N\u00e3o inclui despesas de documenta\u00e7\u00e3o, prepara\u00e7\u00e3o e eco-valor dos pneus no valor de<strong>\u00a0455\u20ac<\/strong>.<\/p>\n","protected":false},"featured_media":51668,"comment_status":"open","ping_status":"closed","template":"","meta":[],"product_brand":[],"product_cat":[80],"product_tag":[],"class_list":{"0":"post-2995","1":"product","2":"type-product","3":"status-publish","4":"has-post-thumbnail","6":"product_cat-touring","8":"first","9":"instock","10":"shipping-taxable","11":"purchasable","12":"product-type-simple"},"yoast_head":"<!-- This site is optimized with the Yoast SEO plugin v27.5 - https:\/\/yoast.com\/product\/yoast-seo-wordpress\/ -->\n<title>Gold Wing Tour DCT - Irm&atilde;os Cruz Lda.<\/title>\n<meta name=\"robots\" content=\"noindex, follow, max-snippet:-1, max-image-preview:large, max-video-preview:-1\" \/>\n<meta property=\"og:locale\" content=\"pt_PT\" \/>\n<meta property=\"og:type\" content=\"article\" \/>\n<meta property=\"og:title\" content=\"Gold Wing Tour DCT - Irm&atilde;os Cruz Lda.\" \/>\n<meta property=\"og:description\" content=\"* Pre\u00e7o inclui ISV e IVA \u00e0 taxa em vigor. N\u00e3o inclui despesas de documenta\u00e7\u00e3o, prepara\u00e7\u00e3o e eco-valor dos pneus no valor de\u00a0455\u20ac.\" \/>\n<meta property=\"og:url\" content=\"https:\/\/irmaoscruz.com\/gprix\/product\/gold-wing-tour-dct\/\" \/>\n<meta property=\"og:site_name\" content=\"Irm&atilde;os Cruz Lda.\" \/>\n<meta property=\"article:publisher\" content=\"https:\/\/www.facebook.com\/Irmaoscruzlda\" \/>\n<meta property=\"article:modified_time\" content=\"2025-04-17T13:30:22+00:00\" \/>\n<meta property=\"og:image\" content=\"https:\/\/irmaoscruz.com\/gprix\/wp-content\/uploads\/2020\/03\/c4-1-55.png\" \/>\n\t<meta property=\"og:image:width\" content=\"864\" \/>\n\t<meta property=\"og:image:height\" content=\"486\" \/>\n\t<meta property=\"og:image:type\" content=\"image\/png\" \/>\n<meta name=\"twitter:card\" content=\"summary_large_image\" \/>\n<meta name=\"twitter:label1\" content=\"Tempo estimado de leitura\" \/>\n\t<meta name=\"twitter:data1\" content=\"2 minutos\" \/>\n<script type=\"application\/ld+json\" class=\"yoast-schema-graph\">{\"@context\":\"https:\\\/\\\/schema.org\",\"@graph\":[{\"@type\":\"WebPage\",\"@id\":\"https:\\\/\\\/irmaoscruz.com\\\/gprix\\\/product\\\/gold-wing-tour-dct\\\/\",\"url\":\"https:\\\/\\\/irmaoscruz.com\\\/gprix\\\/product\\\/gold-wing-tour-dct\\\/\",\"name\":\"Gold Wing Tour DCT - Irm&atilde;os Cruz Lda.\",\"isPartOf\":{\"@id\":\"https:\\\/\\\/irmaoscruz.com\\\/gprix\\\/#website\"},\"primaryImageOfPage\":{\"@id\":\"https:\\\/\\\/irmaoscruz.com\\\/gprix\\\/product\\\/gold-wing-tour-dct\\\/#primaryimage\"},\"image\":{\"@id\":\"https:\\\/\\\/irmaoscruz.com\\\/gprix\\\/product\\\/gold-wing-tour-dct\\\/#primaryimage\"},\"thumbnailUrl\":\"https:\\\/\\\/irmaoscruz.com\\\/gprix\\\/wp-content\\\/uploads\\\/2020\\\/03\\\/c4-1-55.png\",\"datePublished\":\"2020-03-27T23:58:18+00:00\",\"dateModified\":\"2025-04-17T13:30:22+00:00\",\"breadcrumb\":{\"@id\":\"https:\\\/\\\/irmaoscruz.com\\\/gprix\\\/product\\\/gold-wing-tour-dct\\\/#breadcrumb\"},\"inLanguage\":\"pt-PT\",\"potentialAction\":[{\"@type\":\"ReadAction\",\"target\":[\"https:\\\/\\\/irmaoscruz.com\\\/gprix\\\/product\\\/gold-wing-tour-dct\\\/\"]}]},{\"@type\":\"ImageObject\",\"inLanguage\":\"pt-PT\",\"@id\":\"https:\\\/\\\/irmaoscruz.com\\\/gprix\\\/product\\\/gold-wing-tour-dct\\\/#primaryimage\",\"url\":\"https:\\\/\\\/irmaoscruz.com\\\/gprix\\\/wp-content\\\/uploads\\\/2020\\\/03\\\/c4-1-55.png\",\"contentUrl\":\"https:\\\/\\\/irmaoscruz.com\\\/gprix\\\/wp-content\\\/uploads\\\/2020\\\/03\\\/c4-1-55.png\",\"width\":864,\"height\":486},{\"@type\":\"BreadcrumbList\",\"@id\":\"https:\\\/\\\/irmaoscruz.com\\\/gprix\\\/product\\\/gold-wing-tour-dct\\\/#breadcrumb\",\"itemListElement\":[{\"@type\":\"ListItem\",\"position\":1,\"name\":\"In\u00edcio\",\"item\":\"https:\\\/\\\/irmaoscruz.com\\\/gprix\\\/\"},{\"@type\":\"ListItem\",\"position\":2,\"name\":\"Loja\",\"item\":\"https:\\\/\\\/irmaoscruz.com\\\/gprix\\\/loja\\\/\"},{\"@type\":\"ListItem\",\"position\":3,\"name\":\"Gold Wing Tour DCT\"}]},{\"@type\":\"WebSite\",\"@id\":\"https:\\\/\\\/irmaoscruz.com\\\/gprix\\\/#website\",\"url\":\"https:\\\/\\\/irmaoscruz.com\\\/gprix\\\/\",\"name\":\"Irm\u00e3os Cruz Lda.\",\"description\":\"Irm\u00e3os Cruz Lda.\",\"publisher\":{\"@id\":\"https:\\\/\\\/irmaoscruz.com\\\/gprix\\\/#organization\"},\"potentialAction\":[{\"@type\":\"SearchAction\",\"target\":{\"@type\":\"EntryPoint\",\"urlTemplate\":\"https:\\\/\\\/irmaoscruz.com\\\/gprix\\\/?s={search_term_string}\"},\"query-input\":{\"@type\":\"PropertyValueSpecification\",\"valueRequired\":true,\"valueName\":\"search_term_string\"}}],\"inLanguage\":\"pt-PT\"},{\"@type\":\"Organization\",\"@id\":\"https:\\\/\\\/irmaoscruz.com\\\/gprix\\\/#organization\",\"name\":\"Irm\u00e3os Cruz Lda.\",\"url\":\"https:\\\/\\\/irmaoscruz.com\\\/gprix\\\/\",\"logo\":{\"@type\":\"ImageObject\",\"inLanguage\":\"pt-PT\",\"@id\":\"https:\\\/\\\/irmaoscruz.com\\\/gprix\\\/#\\\/schema\\\/logo\\\/image\\\/\",\"url\":\"http:\\\/\\\/irmaoscruz.com\\\/gprix\\\/wp-content\\\/uploads\\\/2020\\\/03\\\/Logo-Branco-1.png\",\"contentUrl\":\"http:\\\/\\\/irmaoscruz.com\\\/gprix\\\/wp-content\\\/uploads\\\/2020\\\/03\\\/Logo-Branco-1.png\",\"width\":1486,\"height\":712,\"caption\":\"Irm\u00e3os Cruz Lda.\"},\"image\":{\"@id\":\"https:\\\/\\\/irmaoscruz.com\\\/gprix\\\/#\\\/schema\\\/logo\\\/image\\\/\"},\"sameAs\":[\"https:\\\/\\\/www.facebook.com\\\/Irmaoscruzlda\",\"https:\\\/\\\/www.instagram.com\\\/irmaos_cruz_lda\\\/\"]}]}<\/script>\n<!-- \/ Yoast SEO plugin. -->","yoast_head_json":{"title":"Gold Wing Tour DCT - Irm&atilde;os Cruz Lda.","robots":{"index":"noindex","follow":"follow","max-snippet":"max-snippet:-1","max-image-preview":"max-image-preview:large","max-video-preview":"max-video-preview:-1"},"og_locale":"pt_PT","og_type":"article","og_title":"Gold Wing Tour DCT - Irm&atilde;os Cruz Lda.","og_description":"* Pre\u00e7o inclui ISV e IVA \u00e0 taxa em vigor. N\u00e3o inclui despesas de documenta\u00e7\u00e3o, prepara\u00e7\u00e3o e eco-valor dos pneus no valor de\u00a0455\u20ac.","og_url":"https:\/\/irmaoscruz.com\/gprix\/product\/gold-wing-tour-dct\/","og_site_name":"Irm&atilde;os Cruz Lda.","article_publisher":"https:\/\/www.facebook.com\/Irmaoscruzlda","article_modified_time":"2025-04-17T13:30:22+00:00","og_image":[{"width":864,"height":486,"url":"https:\/\/irmaoscruz.com\/gprix\/wp-content\/uploads\/2020\/03\/c4-1-55.png","type":"image\/png"}],"twitter_card":"summary_large_image","twitter_misc":{"Tempo estimado de leitura":"2 minutos"},"schema":{"@context":"https:\/\/schema.org","@graph":[{"@type":"WebPage","@id":"https:\/\/irmaoscruz.com\/gprix\/product\/gold-wing-tour-dct\/","url":"https:\/\/irmaoscruz.com\/gprix\/product\/gold-wing-tour-dct\/","name":"Gold Wing Tour DCT - Irm&atilde;os Cruz Lda.","isPartOf":{"@id":"https:\/\/irmaoscruz.com\/gprix\/#website"},"primaryImageOfPage":{"@id":"https:\/\/irmaoscruz.com\/gprix\/product\/gold-wing-tour-dct\/#primaryimage"},"image":{"@id":"https:\/\/irmaoscruz.com\/gprix\/product\/gold-wing-tour-dct\/#primaryimage"},"thumbnailUrl":"https:\/\/irmaoscruz.com\/gprix\/wp-content\/uploads\/2020\/03\/c4-1-55.png","datePublished":"2020-03-27T23:58:18+00:00","dateModified":"2025-04-17T13:30:22+00:00","breadcrumb":{"@id":"https:\/\/irmaoscruz.com\/gprix\/product\/gold-wing-tour-dct\/#breadcrumb"},"inLanguage":"pt-PT","potentialAction":[{"@type":"ReadAction","target":["https:\/\/irmaoscruz.com\/gprix\/product\/gold-wing-tour-dct\/"]}]},{"@type":"ImageObject","inLanguage":"pt-PT","@id":"https:\/\/irmaoscruz.com\/gprix\/product\/gold-wing-tour-dct\/#primaryimage","url":"https:\/\/irmaoscruz.com\/gprix\/wp-content\/uploads\/2020\/03\/c4-1-55.png","contentUrl":"https:\/\/irmaoscruz.com\/gprix\/wp-content\/uploads\/2020\/03\/c4-1-55.png","width":864,"height":486},{"@type":"BreadcrumbList","@id":"https:\/\/irmaoscruz.com\/gprix\/product\/gold-wing-tour-dct\/#breadcrumb","itemListElement":[{"@type":"ListItem","position":1,"name":"In\u00edcio","item":"https:\/\/irmaoscruz.com\/gprix\/"},{"@type":"ListItem","position":2,"name":"Loja","item":"https:\/\/irmaoscruz.com\/gprix\/loja\/"},{"@type":"ListItem","position":3,"name":"Gold Wing Tour DCT"}]},{"@type":"WebSite","@id":"https:\/\/irmaoscruz.com\/gprix\/#website","url":"https:\/\/irmaoscruz.com\/gprix\/","name":"Irm\u00e3os Cruz Lda.","description":"Irm\u00e3os Cruz Lda.","publisher":{"@id":"https:\/\/irmaoscruz.com\/gprix\/#organization"},"potentialAction":[{"@type":"SearchAction","target":{"@type":"EntryPoint","urlTemplate":"https:\/\/irmaoscruz.com\/gprix\/?s={search_term_string}"},"query-input":{"@type":"PropertyValueSpecification","valueRequired":true,"valueName":"search_term_string"}}],"inLanguage":"pt-PT"},{"@type":"Organization","@id":"https:\/\/irmaoscruz.com\/gprix\/#organization","name":"Irm\u00e3os Cruz Lda.","url":"https:\/\/irmaoscruz.com\/gprix\/","logo":{"@type":"ImageObject","inLanguage":"pt-PT","@id":"https:\/\/irmaoscruz.com\/gprix\/#\/schema\/logo\/image\/","url":"http:\/\/irmaoscruz.com\/gprix\/wp-content\/uploads\/2020\/03\/Logo-Branco-1.png","contentUrl":"http:\/\/irmaoscruz.com\/gprix\/wp-content\/uploads\/2020\/03\/Logo-Branco-1.png","width":1486,"height":712,"caption":"Irm\u00e3os Cruz Lda."},"image":{"@id":"https:\/\/irmaoscruz.com\/gprix\/#\/schema\/logo\/image\/"},"sameAs":["https:\/\/www.facebook.com\/Irmaoscruzlda","https:\/\/www.instagram.com\/irmaos_cruz_lda\/"]}]}},"_links":{"self":[{"href":"https:\/\/irmaoscruz.com\/gprix\/wp-json\/wp\/v2\/product\/2995","targetHints":{"allow":["GET"]}}],"collection":[{"href":"https:\/\/irmaoscruz.com\/gprix\/wp-json\/wp\/v2\/product"}],"about":[{"href":"https:\/\/irmaoscruz.com\/gprix\/wp-json\/wp\/v2\/types\/product"}],"replies":[{"embeddable":true,"href":"https:\/\/irmaoscruz.com\/gprix\/wp-json\/wp\/v2\/comments?post=2995"}],"wp:featuredmedia":[{"embeddable":true,"href":"https:\/\/irmaoscruz.com\/gprix\/wp-json\/wp\/v2\/media\/51668"}],"wp:attachment":[{"href":"https:\/\/irmaoscruz.com\/gprix\/wp-json\/wp\/v2\/media?parent=2995"}],"wp:term":[{"taxonomy":"product_brand","embeddable":true,"href":"https:\/\/irmaoscruz.com\/gprix\/wp-json\/wp\/v2\/product_brand?post=2995"},{"taxonomy":"product_cat","embeddable":true,"href":"https:\/\/irmaoscruz.com\/gprix\/wp-json\/wp\/v2\/product_cat?post=2995"},{"taxonomy":"product_tag","embeddable":true,"href":"https:\/\/irmaoscruz.com\/gprix\/wp-json\/wp\/v2\/product_tag?post=2995"}],"curies":[{"name":"wp","href":"https:\/\/api.w.org\/{rel}","templated":true}]}}