{"id":2998,"date":"2020-03-28T00:05:18","date_gmt":"2020-03-28T00:05:18","guid":{"rendered":"http:\/\/irmaoscruz.com\/gprix\/?post_type=product&#038;p=2998"},"modified":"2025-04-17T13:32:45","modified_gmt":"2025-04-17T13:32:45","slug":"cbr1000rr-r-fireblade-sp","status":"publish","type":"product","link":"https:\/\/irmaoscruz.com\/gprix\/product\/cbr1000rr-r-fireblade-sp\/","title":{"rendered":"CBR1000RR-R Fireblade SP"},"content":{"rendered":"<div class=\"wpb-content-wrapper\"><p>[vc_row disable_background_image=&#8221;&#8221;][vc_column][vc_column_text]<strong><span class=\"title\">Motor<\/span><\/strong><\/p>\n<div class=\"content\">\n<table>\n<tbody>\n<tr>\n<td class=\"title\">DI\u00c2METRO X CURSO (mm)<\/td>\n<td class=\"result\">81 mm x 48,5 mm<\/td>\n<\/tr>\n<tr>\n<td class=\"title\">ALIMENTA\u00c7\u00c3O<\/td>\n<td class=\"result\">PGM-FI<\/td>\n<\/tr>\n<tr>\n<td class=\"title\">TAXA DE COMPRESS\u00c3O<\/td>\n<td class=\"result\">13,4 : 1<\/td>\n<\/tr>\n<tr>\n<td class=\"title\">EMISS\u00d5ES C02 (g\/km)<\/td>\n<td class=\"result\">148<\/td>\n<\/tr>\n<tr>\n<td class=\"title\">CILINDRADA (cm3)<\/td>\n<td class=\"result\">1000 cc<\/td>\n<\/tr>\n<tr>\n<td class=\"title\">TIPO DE MOTOR<\/td>\n<td class=\"result\">Tetracil\u00edndrico em linha a quatro tempos, DOHC, arrefecido por \u00e1gua<\/td>\n<\/tr>\n<tr>\n<td class=\"title\">IGNI\u00c7\u00c3O<\/td>\n<td class=\"result\">Eletr\u00f3nica, digital, transistorizada<\/td>\n<\/tr>\n<tr>\n<td class=\"title\">POT\u00caNCIA M\u00c1XIMA<\/td>\n<td class=\"result\">160 kW @ 14.500rpm<\/td>\n<\/tr>\n<tr>\n<td class=\"title\">CAPACIDADE DE \u00d3LEO (Litros)<\/td>\n<td class=\"result\">4 litros<\/td>\n<\/tr>\n<tr>\n<td class=\"title\">ARRANQUE<\/td>\n<td class=\"result\">El\u00e9trico<\/td>\n<\/tr>\n<tr>\n<td class=\"title\">DI\u00c2METRO CORPO ACELERADOR<\/td>\n<td class=\"result\">52 mm<\/td>\n<\/tr>\n<\/tbody>\n<\/table>\n<\/div>\n<p>&nbsp;<\/p>\n<p><strong><span class=\"title\">Rodas<\/span><\/strong><\/p>\n<div class=\"content\">\n<table>\n<tbody>\n<tr>\n<td class=\"title\">TRAV\u00d5ES FRENTE<\/td>\n<td class=\"result\">Disco flutuante de 330 mm, com pin\u00e7a radial Brembo de 4 \u00eambolos<\/td>\n<\/tr>\n<tr>\n<td class=\"title\">TRAV\u00d5ES RECTAGUARDA<\/td>\n<td class=\"result\">Disco de 220 mm, com pin\u00e7a Brembo de 2 \u00eambolos<\/td>\n<\/tr>\n<tr>\n<td class=\"title\">SUSPENS\u00c3O &#8211; FRENTE<\/td>\n<td class=\"result\">Forquilha telesc\u00f3pica Ohlins NPX S-EC de 43 mm<\/td>\n<\/tr>\n<tr>\n<td class=\"title\">SUSPENS\u00c3O &#8211; RECTAGUARDA<\/td>\n<td class=\"result\">Bra\u00e7o oscilante Pro-Link, amortecedor Ohlins TTX36 S-EC<\/td>\n<\/tr>\n<tr>\n<td class=\"title\">RODA &#8211; TAMANHO &#8211; FRENTE<\/td>\n<td class=\"result\">PIRE:DIABLO SUPERCORSA SP (V3) BS\uff1aRS11<\/td>\n<\/tr>\n<tr>\n<td class=\"title\">PNEUS &#8211; FRENTE<\/td>\n<td class=\"result\">120\/70-ZR17 M\/C (58W<\/td>\n<\/tr>\n<tr>\n<td class=\"title\">PNEUS &#8211; RECTAGUARDA<\/td>\n<td class=\"result\">200\/55-ZR17 M\/C (78W)<\/td>\n<\/tr>\n<tr>\n<td class=\"title\">RODA &#8211; TAMANHO &#8211; RECTAGUARDA<\/td>\n<td class=\"result\">PIRE:DIABLO SUPERCORSA SP (V3) BS\uff1aRS11<\/td>\n<\/tr>\n<tr>\n<td class=\"title\">RODA &#8211; TIPO &#8211; FRENTE<\/td>\n<td class=\"result\">17 polegadas x 3.5<\/td>\n<\/tr>\n<tr>\n<td class=\"title\">RODA &#8211; TIPO &#8211; RECTAGUARDA<\/td>\n<td class=\"result\">17 polegadas x 6.0<\/td>\n<\/tr>\n<tr>\n<td class=\"title\">TIPO DE SISTEMA ABS<\/td>\n<td class=\"result\">2 canais com IMU<\/td>\n<\/tr>\n<\/tbody>\n<\/table>\n<\/div>\n<p>&nbsp;<\/p>\n<p><strong><span class=\"title\">Cicl\u00edstica<\/span><\/strong><\/p>\n<div class=\"content\">\n<table>\n<tbody>\n<tr>\n<td class=\"title\">BATERIA<\/td>\n<td class=\"result\">12V-2Ah HY85S Li-ion<\/td>\n<\/tr>\n<tr>\n<td class=\"title\">\u00c2NGULO DA COLUNA DE DIREC\u00c7\u00c3O<\/td>\n<td class=\"result\">24\u00b0<\/td>\n<\/tr>\n<tr>\n<td class=\"title\">DIMENS\u00d5ES (mm)<\/td>\n<td class=\"result\">2100 mm x 745 mm x 1140 mm<\/td>\n<\/tr>\n<tr>\n<td class=\"title\">QUADRO<\/td>\n<td class=\"result\">Dupla trave em alum\u00ednio<\/td>\n<\/tr>\n<tr>\n<td class=\"title\">DEP\u00d3SITO DE COMBUST\u00cdVEL (Litros)<\/td>\n<td class=\"result\">16,1 litros<\/td>\n<\/tr>\n<tr>\n<td class=\"title\">CONSUMO DE COMBUST\u00cdVEL<\/td>\n<td class=\"result\">15,2km\/l (6,6L\/100km) WMTC mode<\/td>\n<\/tr>\n<tr>\n<td class=\"title\">DIST\u00c2NCIA LIVRE AO SOLO (mm)<\/td>\n<td class=\"result\">115 mm<\/td>\n<\/tr>\n<tr>\n<td class=\"title\">LUZES<\/td>\n<td class=\"result\">LEDs<\/td>\n<\/tr>\n<tr>\n<td class=\"title\">PESO EM ORDEM DE MARCHA (kg)<\/td>\n<td class=\"result\">201 kg<\/td>\n<\/tr>\n<tr>\n<td class=\"title\">ALTURA DO ASSENTO (mm)<\/td>\n<td class=\"result\">830 mm<\/td>\n<\/tr>\n<tr>\n<td class=\"title\">TRAIL (mm)<\/td>\n<td class=\"result\">102 mm<\/td>\n<\/tr>\n<tr>\n<td class=\"title\">DIST\u00c2NCIA ENTRE EIXOS (mm)<\/td>\n<td class=\"result\">1.455 mm<\/td>\n<\/tr>\n<\/tbody>\n<\/table>\n<\/div>\n<p>&nbsp;<\/p>\n<p><strong><span class=\"title\">Transmiss\u00e3o<\/span><\/strong><\/p>\n<div class=\"content\">\n<table>\n<tbody>\n<tr>\n<td class=\"title\">EMBRAIAGEM<\/td>\n<td class=\"result\">Embraiagem h\u00famida hidr\u00e1ulica, discos m\u00faltiplos<\/td>\n<\/tr>\n<tr>\n<td class=\"title\">EMBRAIAGEM &#8211; FUNCIONAMENTO<\/td>\n<td class=\"result\">Cabo<\/td>\n<\/tr>\n<tr>\n<td class=\"title\">TRANSMISS\u00c3O FINAL<\/td>\n<td class=\"result\">Corrente<\/td>\n<\/tr>\n<tr>\n<td class=\"title\">CAIXA DE VELOCIDADES<\/td>\n<td class=\"result\">6 velocidades<\/td>\n<\/tr>\n<tr>\n<td class=\"title\">TIPO TRANSMISS\u00c3O<\/td>\n<td class=\"result\">Caixa manual<\/td>\n<\/tr>\n<\/tbody>\n<\/table>\n<\/div>\n<p>&nbsp;<\/p>\n<p><strong><span class=\"title\">Instrumentos e Eletr\u00f3nicos<\/span><\/strong><\/p>\n<div class=\"content\">\n<table>\n<tbody>\n<tr>\n<td class=\"title\">TOMADA 12V<\/td>\n<td class=\"result\">Opcional (USB).<\/td>\n<\/tr>\n<tr>\n<td class=\"title\">INSTRUMENTOS<\/td>\n<td class=\"result\">TFT, totalmente a cores<\/td>\n<\/tr>\n<tr>\n<td class=\"title\">FAROLIM<\/td>\n<td class=\"result\">LEDs<\/td>\n<\/tr>\n<tr>\n<td class=\"title\">TOMADA USB<\/td>\n<td class=\"result\">Opcional<\/td>\n<\/tr>\n<tr>\n<td class=\"title\">Security<\/td>\n<td class=\"result\">Honda Smart Key<\/td>\n<\/tr>\n<\/tbody>\n<\/table>\n<\/div>\n<p>[\/vc_column_text][vc_video link=&#8221;https:\/\/youtu.be\/K09XNc6INsk&#8221; el_width=&#8221;70&#8243; align=&#8221;center&#8221;][\/vc_column][\/vc_row]<\/p>\n<\/div>","protected":false},"excerpt":{"rendered":"<p>* Pre\u00e7o inclui ISV e IVA \u00e0 taxa em vigor. N\u00e3o inclui despesas de documenta\u00e7\u00e3o, prepara\u00e7\u00e3o e eco-valor dos pneus no valor de<strong> 455\u20ac<\/strong>.<\/p>\n","protected":false},"featured_media":51920,"comment_status":"closed","ping_status":"closed","template":"","meta":[],"product_brand":[],"product_cat":[79],"product_tag":[],"class_list":{"0":"post-2998","1":"product","2":"type-product","3":"status-publish","4":"has-post-thumbnail","6":"product_cat-super-sport","8":"first","9":"instock","10":"shipping-taxable","11":"purchasable","12":"product-type-simple"},"yoast_head":"<!-- This site is optimized with the Yoast SEO plugin v27.5 - https:\/\/yoast.com\/product\/yoast-seo-wordpress\/ -->\n<title>CBR1000RR-R Fireblade SP - Irm&atilde;os Cruz Lda.<\/title>\n<meta name=\"robots\" content=\"noindex, follow, max-snippet:-1, max-image-preview:large, max-video-preview:-1\" \/>\n<meta property=\"og:locale\" content=\"pt_PT\" \/>\n<meta property=\"og:type\" content=\"article\" \/>\n<meta property=\"og:title\" content=\"CBR1000RR-R Fireblade SP - Irm&atilde;os Cruz Lda.\" \/>\n<meta property=\"og:description\" content=\"* Pre\u00e7o inclui ISV e IVA \u00e0 taxa em vigor. N\u00e3o inclui despesas de documenta\u00e7\u00e3o, prepara\u00e7\u00e3o e eco-valor dos pneus no valor de 455\u20ac.\" \/>\n<meta property=\"og:url\" content=\"https:\/\/irmaoscruz.com\/gprix\/product\/cbr1000rr-r-fireblade-sp\/\" \/>\n<meta property=\"og:site_name\" content=\"Irm&atilde;os Cruz Lda.\" \/>\n<meta property=\"article:publisher\" content=\"https:\/\/www.facebook.com\/Irmaoscruzlda\" \/>\n<meta property=\"article:modified_time\" content=\"2025-04-17T13:32:45+00:00\" \/>\n<meta property=\"og:image\" content=\"https:\/\/irmaoscruz.com\/gprix\/wp-content\/uploads\/2020\/03\/cbr1000rrsp.jpg\" \/>\n\t<meta property=\"og:image:width\" content=\"2090\" \/>\n\t<meta property=\"og:image:height\" content=\"1176\" \/>\n\t<meta property=\"og:image:type\" content=\"image\/jpeg\" \/>\n<meta name=\"twitter:card\" content=\"summary_large_image\" \/>\n<meta name=\"twitter:label1\" content=\"Tempo estimado de leitura\" \/>\n\t<meta name=\"twitter:data1\" content=\"2 minutos\" \/>\n<script type=\"application\/ld+json\" class=\"yoast-schema-graph\">{\"@context\":\"https:\\\/\\\/schema.org\",\"@graph\":[{\"@type\":\"WebPage\",\"@id\":\"https:\\\/\\\/irmaoscruz.com\\\/gprix\\\/product\\\/cbr1000rr-r-fireblade-sp\\\/\",\"url\":\"https:\\\/\\\/irmaoscruz.com\\\/gprix\\\/product\\\/cbr1000rr-r-fireblade-sp\\\/\",\"name\":\"CBR1000RR-R Fireblade SP - Irm&atilde;os Cruz Lda.\",\"isPartOf\":{\"@id\":\"https:\\\/\\\/irmaoscruz.com\\\/gprix\\\/#website\"},\"primaryImageOfPage\":{\"@id\":\"https:\\\/\\\/irmaoscruz.com\\\/gprix\\\/product\\\/cbr1000rr-r-fireblade-sp\\\/#primaryimage\"},\"image\":{\"@id\":\"https:\\\/\\\/irmaoscruz.com\\\/gprix\\\/product\\\/cbr1000rr-r-fireblade-sp\\\/#primaryimage\"},\"thumbnailUrl\":\"https:\\\/\\\/irmaoscruz.com\\\/gprix\\\/wp-content\\\/uploads\\\/2020\\\/03\\\/cbr1000rrsp.jpg\",\"datePublished\":\"2020-03-28T00:05:18+00:00\",\"dateModified\":\"2025-04-17T13:32:45+00:00\",\"breadcrumb\":{\"@id\":\"https:\\\/\\\/irmaoscruz.com\\\/gprix\\\/product\\\/cbr1000rr-r-fireblade-sp\\\/#breadcrumb\"},\"inLanguage\":\"pt-PT\",\"potentialAction\":[{\"@type\":\"ReadAction\",\"target\":[\"https:\\\/\\\/irmaoscruz.com\\\/gprix\\\/product\\\/cbr1000rr-r-fireblade-sp\\\/\"]}]},{\"@type\":\"ImageObject\",\"inLanguage\":\"pt-PT\",\"@id\":\"https:\\\/\\\/irmaoscruz.com\\\/gprix\\\/product\\\/cbr1000rr-r-fireblade-sp\\\/#primaryimage\",\"url\":\"https:\\\/\\\/irmaoscruz.com\\\/gprix\\\/wp-content\\\/uploads\\\/2020\\\/03\\\/cbr1000rrsp.jpg\",\"contentUrl\":\"https:\\\/\\\/irmaoscruz.com\\\/gprix\\\/wp-content\\\/uploads\\\/2020\\\/03\\\/cbr1000rrsp.jpg\",\"width\":2090,\"height\":1176},{\"@type\":\"BreadcrumbList\",\"@id\":\"https:\\\/\\\/irmaoscruz.com\\\/gprix\\\/product\\\/cbr1000rr-r-fireblade-sp\\\/#breadcrumb\",\"itemListElement\":[{\"@type\":\"ListItem\",\"position\":1,\"name\":\"In\u00edcio\",\"item\":\"https:\\\/\\\/irmaoscruz.com\\\/gprix\\\/\"},{\"@type\":\"ListItem\",\"position\":2,\"name\":\"Loja\",\"item\":\"https:\\\/\\\/irmaoscruz.com\\\/gprix\\\/loja\\\/\"},{\"@type\":\"ListItem\",\"position\":3,\"name\":\"CBR1000RR-R Fireblade SP\"}]},{\"@type\":\"WebSite\",\"@id\":\"https:\\\/\\\/irmaoscruz.com\\\/gprix\\\/#website\",\"url\":\"https:\\\/\\\/irmaoscruz.com\\\/gprix\\\/\",\"name\":\"Irm\u00e3os Cruz Lda.\",\"description\":\"Irm\u00e3os Cruz Lda.\",\"publisher\":{\"@id\":\"https:\\\/\\\/irmaoscruz.com\\\/gprix\\\/#organization\"},\"potentialAction\":[{\"@type\":\"SearchAction\",\"target\":{\"@type\":\"EntryPoint\",\"urlTemplate\":\"https:\\\/\\\/irmaoscruz.com\\\/gprix\\\/?s={search_term_string}\"},\"query-input\":{\"@type\":\"PropertyValueSpecification\",\"valueRequired\":true,\"valueName\":\"search_term_string\"}}],\"inLanguage\":\"pt-PT\"},{\"@type\":\"Organization\",\"@id\":\"https:\\\/\\\/irmaoscruz.com\\\/gprix\\\/#organization\",\"name\":\"Irm\u00e3os Cruz Lda.\",\"url\":\"https:\\\/\\\/irmaoscruz.com\\\/gprix\\\/\",\"logo\":{\"@type\":\"ImageObject\",\"inLanguage\":\"pt-PT\",\"@id\":\"https:\\\/\\\/irmaoscruz.com\\\/gprix\\\/#\\\/schema\\\/logo\\\/image\\\/\",\"url\":\"http:\\\/\\\/irmaoscruz.com\\\/gprix\\\/wp-content\\\/uploads\\\/2020\\\/03\\\/Logo-Branco-1.png\",\"contentUrl\":\"http:\\\/\\\/irmaoscruz.com\\\/gprix\\\/wp-content\\\/uploads\\\/2020\\\/03\\\/Logo-Branco-1.png\",\"width\":1486,\"height\":712,\"caption\":\"Irm\u00e3os Cruz Lda.\"},\"image\":{\"@id\":\"https:\\\/\\\/irmaoscruz.com\\\/gprix\\\/#\\\/schema\\\/logo\\\/image\\\/\"},\"sameAs\":[\"https:\\\/\\\/www.facebook.com\\\/Irmaoscruzlda\",\"https:\\\/\\\/www.instagram.com\\\/irmaos_cruz_lda\\\/\"]}]}<\/script>\n<!-- \/ Yoast SEO plugin. -->","yoast_head_json":{"title":"CBR1000RR-R Fireblade SP - Irm&atilde;os Cruz Lda.","robots":{"index":"noindex","follow":"follow","max-snippet":"max-snippet:-1","max-image-preview":"max-image-preview:large","max-video-preview":"max-video-preview:-1"},"og_locale":"pt_PT","og_type":"article","og_title":"CBR1000RR-R Fireblade SP - Irm&atilde;os Cruz Lda.","og_description":"* Pre\u00e7o inclui ISV e IVA \u00e0 taxa em vigor. N\u00e3o inclui despesas de documenta\u00e7\u00e3o, prepara\u00e7\u00e3o e eco-valor dos pneus no valor de 455\u20ac.","og_url":"https:\/\/irmaoscruz.com\/gprix\/product\/cbr1000rr-r-fireblade-sp\/","og_site_name":"Irm&atilde;os Cruz Lda.","article_publisher":"https:\/\/www.facebook.com\/Irmaoscruzlda","article_modified_time":"2025-04-17T13:32:45+00:00","og_image":[{"width":2090,"height":1176,"url":"https:\/\/irmaoscruz.com\/gprix\/wp-content\/uploads\/2020\/03\/cbr1000rrsp.jpg","type":"image\/jpeg"}],"twitter_card":"summary_large_image","twitter_misc":{"Tempo estimado de leitura":"2 minutos"},"schema":{"@context":"https:\/\/schema.org","@graph":[{"@type":"WebPage","@id":"https:\/\/irmaoscruz.com\/gprix\/product\/cbr1000rr-r-fireblade-sp\/","url":"https:\/\/irmaoscruz.com\/gprix\/product\/cbr1000rr-r-fireblade-sp\/","name":"CBR1000RR-R Fireblade SP - Irm&atilde;os Cruz Lda.","isPartOf":{"@id":"https:\/\/irmaoscruz.com\/gprix\/#website"},"primaryImageOfPage":{"@id":"https:\/\/irmaoscruz.com\/gprix\/product\/cbr1000rr-r-fireblade-sp\/#primaryimage"},"image":{"@id":"https:\/\/irmaoscruz.com\/gprix\/product\/cbr1000rr-r-fireblade-sp\/#primaryimage"},"thumbnailUrl":"https:\/\/irmaoscruz.com\/gprix\/wp-content\/uploads\/2020\/03\/cbr1000rrsp.jpg","datePublished":"2020-03-28T00:05:18+00:00","dateModified":"2025-04-17T13:32:45+00:00","breadcrumb":{"@id":"https:\/\/irmaoscruz.com\/gprix\/product\/cbr1000rr-r-fireblade-sp\/#breadcrumb"},"inLanguage":"pt-PT","potentialAction":[{"@type":"ReadAction","target":["https:\/\/irmaoscruz.com\/gprix\/product\/cbr1000rr-r-fireblade-sp\/"]}]},{"@type":"ImageObject","inLanguage":"pt-PT","@id":"https:\/\/irmaoscruz.com\/gprix\/product\/cbr1000rr-r-fireblade-sp\/#primaryimage","url":"https:\/\/irmaoscruz.com\/gprix\/wp-content\/uploads\/2020\/03\/cbr1000rrsp.jpg","contentUrl":"https:\/\/irmaoscruz.com\/gprix\/wp-content\/uploads\/2020\/03\/cbr1000rrsp.jpg","width":2090,"height":1176},{"@type":"BreadcrumbList","@id":"https:\/\/irmaoscruz.com\/gprix\/product\/cbr1000rr-r-fireblade-sp\/#breadcrumb","itemListElement":[{"@type":"ListItem","position":1,"name":"In\u00edcio","item":"https:\/\/irmaoscruz.com\/gprix\/"},{"@type":"ListItem","position":2,"name":"Loja","item":"https:\/\/irmaoscruz.com\/gprix\/loja\/"},{"@type":"ListItem","position":3,"name":"CBR1000RR-R Fireblade SP"}]},{"@type":"WebSite","@id":"https:\/\/irmaoscruz.com\/gprix\/#website","url":"https:\/\/irmaoscruz.com\/gprix\/","name":"Irm\u00e3os Cruz Lda.","description":"Irm\u00e3os Cruz Lda.","publisher":{"@id":"https:\/\/irmaoscruz.com\/gprix\/#organization"},"potentialAction":[{"@type":"SearchAction","target":{"@type":"EntryPoint","urlTemplate":"https:\/\/irmaoscruz.com\/gprix\/?s={search_term_string}"},"query-input":{"@type":"PropertyValueSpecification","valueRequired":true,"valueName":"search_term_string"}}],"inLanguage":"pt-PT"},{"@type":"Organization","@id":"https:\/\/irmaoscruz.com\/gprix\/#organization","name":"Irm\u00e3os Cruz Lda.","url":"https:\/\/irmaoscruz.com\/gprix\/","logo":{"@type":"ImageObject","inLanguage":"pt-PT","@id":"https:\/\/irmaoscruz.com\/gprix\/#\/schema\/logo\/image\/","url":"http:\/\/irmaoscruz.com\/gprix\/wp-content\/uploads\/2020\/03\/Logo-Branco-1.png","contentUrl":"http:\/\/irmaoscruz.com\/gprix\/wp-content\/uploads\/2020\/03\/Logo-Branco-1.png","width":1486,"height":712,"caption":"Irm\u00e3os Cruz Lda."},"image":{"@id":"https:\/\/irmaoscruz.com\/gprix\/#\/schema\/logo\/image\/"},"sameAs":["https:\/\/www.facebook.com\/Irmaoscruzlda","https:\/\/www.instagram.com\/irmaos_cruz_lda\/"]}]}},"_links":{"self":[{"href":"https:\/\/irmaoscruz.com\/gprix\/wp-json\/wp\/v2\/product\/2998","targetHints":{"allow":["GET"]}}],"collection":[{"href":"https:\/\/irmaoscruz.com\/gprix\/wp-json\/wp\/v2\/product"}],"about":[{"href":"https:\/\/irmaoscruz.com\/gprix\/wp-json\/wp\/v2\/types\/product"}],"replies":[{"embeddable":true,"href":"https:\/\/irmaoscruz.com\/gprix\/wp-json\/wp\/v2\/comments?post=2998"}],"wp:featuredmedia":[{"embeddable":true,"href":"https:\/\/irmaoscruz.com\/gprix\/wp-json\/wp\/v2\/media\/51920"}],"wp:attachment":[{"href":"https:\/\/irmaoscruz.com\/gprix\/wp-json\/wp\/v2\/media?parent=2998"}],"wp:term":[{"taxonomy":"product_brand","embeddable":true,"href":"https:\/\/irmaoscruz.com\/gprix\/wp-json\/wp\/v2\/product_brand?post=2998"},{"taxonomy":"product_cat","embeddable":true,"href":"https:\/\/irmaoscruz.com\/gprix\/wp-json\/wp\/v2\/product_cat?post=2998"},{"taxonomy":"product_tag","embeddable":true,"href":"https:\/\/irmaoscruz.com\/gprix\/wp-json\/wp\/v2\/product_tag?post=2998"}],"curies":[{"name":"wp","href":"https:\/\/api.w.org\/{rel}","templated":true}]}}