{"id":3100,"date":"2020-03-28T15:09:08","date_gmt":"2020-03-28T15:09:08","guid":{"rendered":"http:\/\/irmaoscruz.com\/gprix\/?post_type=product&#038;p=3100"},"modified":"2025-04-17T14:13:35","modified_gmt":"2025-04-17T14:13:35","slug":"cb1000-hornet","status":"publish","type":"product","link":"https:\/\/irmaoscruz.com\/gprix\/product\/cb1000-hornet\/","title":{"rendered":"CB1000 Hornet"},"content":{"rendered":"<div class=\"wpb-content-wrapper\"><p>[vc_row disable_background_image=&#8221;&#8221;][vc_column][vc_column_text css=&#8221;&#8221;]<strong><span class=\"title\">Motor<\/span><\/strong><\/p>\n<div class=\"content\">\n<table>\n<tbody>\n<tr>\n<td class=\"title\">ALIMENTA\u00c7\u00c3O<\/td>\n<td class=\"result\">Sistema de inje\u00e7\u00e3o programada de gasolina (PGM-FI)<\/td>\n<\/tr>\n<tr>\n<td class=\"title\">TAXA DE COMPRESS\u00c3O<\/td>\n<td class=\"result\">11.6:1<\/td>\n<\/tr>\n<tr>\n<td class=\"title\">EMISS\u00d5ES C02 (g\/km)<\/td>\n<td class=\"result\">136,6g\/km<\/td>\n<\/tr>\n<tr>\n<td class=\"title\">CILINDRADA (cm3)<\/td>\n<td class=\"result\">1000cc<\/td>\n<\/tr>\n<tr>\n<td class=\"title\">TIPO DE MOTOR<\/td>\n<td class=\"result\">4 tempos, 4 cilindros em linha, DOHC, 16 v\u00e1lvulas, com refrigera\u00e7\u00e3o l\u00edquida<\/td>\n<\/tr>\n<tr>\n<td class=\"title\">CAPACIDADE DE \u00d3LEO (Litros)<\/td>\n<td class=\"result\">3,5 L<\/td>\n<\/tr>\n<tr>\n<td class=\"title\">ARRANQUE<\/td>\n<td class=\"result\">El\u00e9ctrico<\/td>\n<\/tr>\n<\/tbody>\n<\/table>\n<\/div>\n<p>&nbsp;<\/p>\n<p><strong><span class=\"title\">Rodas<\/span><\/strong><\/p>\n<div class=\"content\">\n<table>\n<tbody>\n<tr>\n<td class=\"title\">TRAV\u00d5ES FRENTE<\/td>\n<td class=\"result\">Pin\u00e7as radiais Nissin de quatro \u00eambolos e dois discos flutuantes de 310 mm<\/td>\n<\/tr>\n<tr>\n<td class=\"title\">TRAV\u00d5ES RECTAGUARDA<\/td>\n<td class=\"result\">Disco de 240 mm com pin\u00e7a Nissin de um \u00eambolo<\/td>\n<\/tr>\n<tr>\n<td class=\"title\">SUSPENS\u00c3O &#8211; FRENTE<\/td>\n<td class=\"result\">Forquilha invertida Showa SFF-BP, curso de 118 mm<\/td>\n<\/tr>\n<tr>\n<td class=\"title\">SUSPENS\u00c3O &#8211; RECTAGUARDA<\/td>\n<td class=\"result\">Monoamortecedor Showa, Bra\u00e7o oscilante Pro-Link e 138mm de curso<\/td>\n<\/tr>\n<tr>\n<td class=\"title\">PNEUS &#8211; FRENTE<\/td>\n<td class=\"result\">120\/70 ZR17<\/td>\n<\/tr>\n<tr>\n<td class=\"title\">PNEUS &#8211; RECTAGUARDA<\/td>\n<td class=\"result\">180\/55 ZR17<\/td>\n<\/tr>\n<tr>\n<td class=\"title\">RODA &#8211; TIPO &#8211; FRENTE<\/td>\n<td class=\"result\">Jante de aluminio fundido<\/td>\n<\/tr>\n<tr>\n<td class=\"title\">RODA &#8211; TIPO &#8211; RECTAGUARDA<\/td>\n<td class=\"result\">Jante de aluminio fundido<\/td>\n<\/tr>\n<\/tbody>\n<\/table>\n<\/div>\n<p>&nbsp;<\/p>\n<p><strong><span class=\"title\">Cicl\u00edstica<\/span><\/strong><\/p>\n<div class=\"content\">\n<table>\n<tbody>\n<tr>\n<td class=\"title\">BATERIA<\/td>\n<td class=\"result\">12V\/6,3AH<\/td>\n<\/tr>\n<tr>\n<td class=\"title\">\u00c2NGULO DA COLUNA DE DIREC\u00c7\u00c3O<\/td>\n<td class=\"result\">25\u00b0<\/td>\n<\/tr>\n<tr>\n<td class=\"title\">QUADRO<\/td>\n<td class=\"result\">Quadro dupla trave<\/td>\n<\/tr>\n<tr>\n<td class=\"title\">CONSUMO DE COMBUST\u00cdVEL<\/td>\n<td class=\"result\">5,9 l\/100km<\/td>\n<\/tr>\n<tr>\n<td class=\"title\">DIST\u00c2NCIA LIVRE AO SOLO (mm)<\/td>\n<td class=\"result\">135 mm<\/td>\n<\/tr>\n<tr>\n<td class=\"title\">LUZES<\/td>\n<td class=\"result\">LED<\/td>\n<\/tr>\n<tr>\n<td class=\"title\">PESO EM ORDEM DE MARCHA (kg)<\/td>\n<td class=\"result\">211 kg<\/td>\n<\/tr>\n<tr>\n<td class=\"title\">ALTURA DO ASSENTO (mm)<\/td>\n<td class=\"result\">809 mm<\/td>\n<\/tr>\n<tr>\n<td class=\"title\">TRAIL (mm)<\/td>\n<td class=\"result\">98 mm<\/td>\n<\/tr>\n<tr>\n<td class=\"title\">DIST\u00c2NCIA ENTRE EIXOS (mm)<\/td>\n<td class=\"result\">1.455 mm<\/td>\n<\/tr>\n<\/tbody>\n<\/table>\n<\/div>\n<p>&nbsp;<\/p>\n<p><strong><span class=\"title\">Transmiss\u00e3o<\/span><\/strong><\/p>\n<div class=\"content\">\n<table>\n<tbody>\n<tr>\n<td class=\"title\">EMBRAIAGEM<\/td>\n<td class=\"result\">Embraiagem h\u00famida, discos multiplos<\/td>\n<\/tr>\n<tr>\n<td class=\"title\">TRANSMISS\u00c3O FINAL<\/td>\n<td class=\"result\">Corrente<\/td>\n<\/tr>\n<tr>\n<td class=\"title\">TIPO TRANSMISS\u00c3O<\/td>\n<td class=\"result\">6 velocidades<\/td>\n<\/tr>\n<tr>\n<td class=\"title\">Quick Shifter<\/td>\n<td class=\"result\">Opcional<\/td>\n<\/tr>\n<\/tbody>\n<\/table>\n<\/div>\n<p>&nbsp;<\/p>\n<p><strong><span class=\"title\">Instrumentos e Eletr\u00f3nicos<\/span><\/strong><\/p>\n<div class=\"content\">\n<table>\n<tbody>\n<tr>\n<td class=\"title\">INSTRUMENTOS<\/td>\n<td class=\"result\">Painel multinforma\u00e7\u00f5es TFT de 5 polegadas<\/td>\n<\/tr>\n<tr>\n<td class=\"title\">FAROLIM<\/td>\n<td class=\"result\">LED<\/td>\n<\/tr>\n<tr>\n<td class=\"title\">Connectivity<\/td>\n<td class=\"result\">RoadSync<\/td>\n<\/tr>\n<tr>\n<td class=\"title\">TOMADA USB<\/td>\n<td class=\"result\">Sim<\/td>\n<\/tr>\n<tr>\n<td class=\"title\">Self Cancelling Indicators<\/td>\n<td class=\"result\">Sim<\/td>\n<\/tr>\n<tr>\n<td class=\"title\">Security<\/td>\n<td class=\"result\">HISS<\/td>\n<\/tr>\n<\/tbody>\n<\/table>\n<\/div>\n<p>[\/vc_column_text][\/vc_column][\/vc_row]<\/p>\n<\/div>","protected":false},"excerpt":{"rendered":"<p>* Pre\u00e7o inclui ISV e IVA \u00e0 taxa em vigor. N\u00e3o inclui despesas de documenta\u00e7\u00e3o, prepara\u00e7\u00e3o e eco-valor dos pneus no valor de<strong> 455\u20ac<\/strong>.<\/p>\n<p>Brevemente dispon\u00edvel<\/p>\n","protected":false},"featured_media":51831,"comment_status":"closed","ping_status":"closed","template":"","meta":[],"product_brand":[],"product_cat":[78,82],"product_tag":[],"class_list":{"0":"post-3100","1":"product","2":"type-product","3":"status-publish","4":"has-post-thumbnail","6":"product_cat-novidades-2025","7":"product_cat-street","9":"first","10":"instock","11":"shipping-taxable","12":"purchasable","13":"product-type-simple"},"yoast_head":"<!-- This site is optimized with the Yoast SEO plugin v27.5 - https:\/\/yoast.com\/product\/yoast-seo-wordpress\/ -->\n<title>CB1000 Hornet - Irm&atilde;os Cruz Lda.<\/title>\n<meta name=\"robots\" content=\"noindex, follow, max-snippet:-1, max-image-preview:large, max-video-preview:-1\" \/>\n<meta property=\"og:locale\" content=\"pt_PT\" \/>\n<meta property=\"og:type\" content=\"article\" \/>\n<meta property=\"og:title\" content=\"CB1000 Hornet - Irm&atilde;os Cruz Lda.\" \/>\n<meta property=\"og:description\" content=\"* Pre\u00e7o inclui ISV e IVA \u00e0 taxa em vigor. N\u00e3o inclui despesas de documenta\u00e7\u00e3o, prepara\u00e7\u00e3o e eco-valor dos pneus no valor de 455\u20ac.  Brevemente dispon\u00edvel\" \/>\n<meta property=\"og:url\" content=\"https:\/\/irmaoscruz.com\/gprix\/product\/cb1000-hornet\/\" \/>\n<meta property=\"og:site_name\" content=\"Irm&atilde;os Cruz Lda.\" \/>\n<meta property=\"article:publisher\" content=\"https:\/\/www.facebook.com\/Irmaoscruzlda\" \/>\n<meta property=\"article:modified_time\" content=\"2025-04-17T14:13:35+00:00\" \/>\n<meta property=\"og:image\" content=\"https:\/\/irmaoscruz.com\/gprix\/wp-content\/uploads\/2020\/03\/CB1000.jpg\" \/>\n\t<meta property=\"og:image:width\" content=\"2090\" \/>\n\t<meta property=\"og:image:height\" content=\"1176\" \/>\n\t<meta property=\"og:image:type\" content=\"image\/jpeg\" \/>\n<meta name=\"twitter:card\" content=\"summary_large_image\" \/>\n<meta name=\"twitter:label1\" content=\"Tempo estimado de leitura\" \/>\n\t<meta name=\"twitter:data1\" content=\"2 minutos\" \/>\n<script type=\"application\/ld+json\" class=\"yoast-schema-graph\">{\"@context\":\"https:\\\/\\\/schema.org\",\"@graph\":[{\"@type\":\"WebPage\",\"@id\":\"https:\\\/\\\/irmaoscruz.com\\\/gprix\\\/product\\\/cb1000-hornet\\\/\",\"url\":\"https:\\\/\\\/irmaoscruz.com\\\/gprix\\\/product\\\/cb1000-hornet\\\/\",\"name\":\"CB1000 Hornet - Irm&atilde;os Cruz Lda.\",\"isPartOf\":{\"@id\":\"https:\\\/\\\/irmaoscruz.com\\\/gprix\\\/#website\"},\"primaryImageOfPage\":{\"@id\":\"https:\\\/\\\/irmaoscruz.com\\\/gprix\\\/product\\\/cb1000-hornet\\\/#primaryimage\"},\"image\":{\"@id\":\"https:\\\/\\\/irmaoscruz.com\\\/gprix\\\/product\\\/cb1000-hornet\\\/#primaryimage\"},\"thumbnailUrl\":\"https:\\\/\\\/irmaoscruz.com\\\/gprix\\\/wp-content\\\/uploads\\\/2020\\\/03\\\/CB1000.jpg\",\"datePublished\":\"2020-03-28T15:09:08+00:00\",\"dateModified\":\"2025-04-17T14:13:35+00:00\",\"breadcrumb\":{\"@id\":\"https:\\\/\\\/irmaoscruz.com\\\/gprix\\\/product\\\/cb1000-hornet\\\/#breadcrumb\"},\"inLanguage\":\"pt-PT\",\"potentialAction\":[{\"@type\":\"ReadAction\",\"target\":[\"https:\\\/\\\/irmaoscruz.com\\\/gprix\\\/product\\\/cb1000-hornet\\\/\"]}]},{\"@type\":\"ImageObject\",\"inLanguage\":\"pt-PT\",\"@id\":\"https:\\\/\\\/irmaoscruz.com\\\/gprix\\\/product\\\/cb1000-hornet\\\/#primaryimage\",\"url\":\"https:\\\/\\\/irmaoscruz.com\\\/gprix\\\/wp-content\\\/uploads\\\/2020\\\/03\\\/CB1000.jpg\",\"contentUrl\":\"https:\\\/\\\/irmaoscruz.com\\\/gprix\\\/wp-content\\\/uploads\\\/2020\\\/03\\\/CB1000.jpg\",\"width\":2090,\"height\":1176},{\"@type\":\"BreadcrumbList\",\"@id\":\"https:\\\/\\\/irmaoscruz.com\\\/gprix\\\/product\\\/cb1000-hornet\\\/#breadcrumb\",\"itemListElement\":[{\"@type\":\"ListItem\",\"position\":1,\"name\":\"In\u00edcio\",\"item\":\"https:\\\/\\\/irmaoscruz.com\\\/gprix\\\/\"},{\"@type\":\"ListItem\",\"position\":2,\"name\":\"Loja\",\"item\":\"https:\\\/\\\/irmaoscruz.com\\\/gprix\\\/loja\\\/\"},{\"@type\":\"ListItem\",\"position\":3,\"name\":\"CB1000 Hornet\"}]},{\"@type\":\"WebSite\",\"@id\":\"https:\\\/\\\/irmaoscruz.com\\\/gprix\\\/#website\",\"url\":\"https:\\\/\\\/irmaoscruz.com\\\/gprix\\\/\",\"name\":\"Irm\u00e3os Cruz Lda.\",\"description\":\"Irm\u00e3os Cruz Lda.\",\"publisher\":{\"@id\":\"https:\\\/\\\/irmaoscruz.com\\\/gprix\\\/#organization\"},\"potentialAction\":[{\"@type\":\"SearchAction\",\"target\":{\"@type\":\"EntryPoint\",\"urlTemplate\":\"https:\\\/\\\/irmaoscruz.com\\\/gprix\\\/?s={search_term_string}\"},\"query-input\":{\"@type\":\"PropertyValueSpecification\",\"valueRequired\":true,\"valueName\":\"search_term_string\"}}],\"inLanguage\":\"pt-PT\"},{\"@type\":\"Organization\",\"@id\":\"https:\\\/\\\/irmaoscruz.com\\\/gprix\\\/#organization\",\"name\":\"Irm\u00e3os Cruz Lda.\",\"url\":\"https:\\\/\\\/irmaoscruz.com\\\/gprix\\\/\",\"logo\":{\"@type\":\"ImageObject\",\"inLanguage\":\"pt-PT\",\"@id\":\"https:\\\/\\\/irmaoscruz.com\\\/gprix\\\/#\\\/schema\\\/logo\\\/image\\\/\",\"url\":\"http:\\\/\\\/irmaoscruz.com\\\/gprix\\\/wp-content\\\/uploads\\\/2020\\\/03\\\/Logo-Branco-1.png\",\"contentUrl\":\"http:\\\/\\\/irmaoscruz.com\\\/gprix\\\/wp-content\\\/uploads\\\/2020\\\/03\\\/Logo-Branco-1.png\",\"width\":1486,\"height\":712,\"caption\":\"Irm\u00e3os Cruz Lda.\"},\"image\":{\"@id\":\"https:\\\/\\\/irmaoscruz.com\\\/gprix\\\/#\\\/schema\\\/logo\\\/image\\\/\"},\"sameAs\":[\"https:\\\/\\\/www.facebook.com\\\/Irmaoscruzlda\",\"https:\\\/\\\/www.instagram.com\\\/irmaos_cruz_lda\\\/\"]}]}<\/script>\n<!-- \/ Yoast SEO plugin. -->","yoast_head_json":{"title":"CB1000 Hornet - Irm&atilde;os Cruz Lda.","robots":{"index":"noindex","follow":"follow","max-snippet":"max-snippet:-1","max-image-preview":"max-image-preview:large","max-video-preview":"max-video-preview:-1"},"og_locale":"pt_PT","og_type":"article","og_title":"CB1000 Hornet - Irm&atilde;os Cruz Lda.","og_description":"* Pre\u00e7o inclui ISV e IVA \u00e0 taxa em vigor. N\u00e3o inclui despesas de documenta\u00e7\u00e3o, prepara\u00e7\u00e3o e eco-valor dos pneus no valor de 455\u20ac.  Brevemente dispon\u00edvel","og_url":"https:\/\/irmaoscruz.com\/gprix\/product\/cb1000-hornet\/","og_site_name":"Irm&atilde;os Cruz Lda.","article_publisher":"https:\/\/www.facebook.com\/Irmaoscruzlda","article_modified_time":"2025-04-17T14:13:35+00:00","og_image":[{"width":2090,"height":1176,"url":"https:\/\/irmaoscruz.com\/gprix\/wp-content\/uploads\/2020\/03\/CB1000.jpg","type":"image\/jpeg"}],"twitter_card":"summary_large_image","twitter_misc":{"Tempo estimado de leitura":"2 minutos"},"schema":{"@context":"https:\/\/schema.org","@graph":[{"@type":"WebPage","@id":"https:\/\/irmaoscruz.com\/gprix\/product\/cb1000-hornet\/","url":"https:\/\/irmaoscruz.com\/gprix\/product\/cb1000-hornet\/","name":"CB1000 Hornet - Irm&atilde;os Cruz Lda.","isPartOf":{"@id":"https:\/\/irmaoscruz.com\/gprix\/#website"},"primaryImageOfPage":{"@id":"https:\/\/irmaoscruz.com\/gprix\/product\/cb1000-hornet\/#primaryimage"},"image":{"@id":"https:\/\/irmaoscruz.com\/gprix\/product\/cb1000-hornet\/#primaryimage"},"thumbnailUrl":"https:\/\/irmaoscruz.com\/gprix\/wp-content\/uploads\/2020\/03\/CB1000.jpg","datePublished":"2020-03-28T15:09:08+00:00","dateModified":"2025-04-17T14:13:35+00:00","breadcrumb":{"@id":"https:\/\/irmaoscruz.com\/gprix\/product\/cb1000-hornet\/#breadcrumb"},"inLanguage":"pt-PT","potentialAction":[{"@type":"ReadAction","target":["https:\/\/irmaoscruz.com\/gprix\/product\/cb1000-hornet\/"]}]},{"@type":"ImageObject","inLanguage":"pt-PT","@id":"https:\/\/irmaoscruz.com\/gprix\/product\/cb1000-hornet\/#primaryimage","url":"https:\/\/irmaoscruz.com\/gprix\/wp-content\/uploads\/2020\/03\/CB1000.jpg","contentUrl":"https:\/\/irmaoscruz.com\/gprix\/wp-content\/uploads\/2020\/03\/CB1000.jpg","width":2090,"height":1176},{"@type":"BreadcrumbList","@id":"https:\/\/irmaoscruz.com\/gprix\/product\/cb1000-hornet\/#breadcrumb","itemListElement":[{"@type":"ListItem","position":1,"name":"In\u00edcio","item":"https:\/\/irmaoscruz.com\/gprix\/"},{"@type":"ListItem","position":2,"name":"Loja","item":"https:\/\/irmaoscruz.com\/gprix\/loja\/"},{"@type":"ListItem","position":3,"name":"CB1000 Hornet"}]},{"@type":"WebSite","@id":"https:\/\/irmaoscruz.com\/gprix\/#website","url":"https:\/\/irmaoscruz.com\/gprix\/","name":"Irm\u00e3os Cruz Lda.","description":"Irm\u00e3os Cruz Lda.","publisher":{"@id":"https:\/\/irmaoscruz.com\/gprix\/#organization"},"potentialAction":[{"@type":"SearchAction","target":{"@type":"EntryPoint","urlTemplate":"https:\/\/irmaoscruz.com\/gprix\/?s={search_term_string}"},"query-input":{"@type":"PropertyValueSpecification","valueRequired":true,"valueName":"search_term_string"}}],"inLanguage":"pt-PT"},{"@type":"Organization","@id":"https:\/\/irmaoscruz.com\/gprix\/#organization","name":"Irm\u00e3os Cruz Lda.","url":"https:\/\/irmaoscruz.com\/gprix\/","logo":{"@type":"ImageObject","inLanguage":"pt-PT","@id":"https:\/\/irmaoscruz.com\/gprix\/#\/schema\/logo\/image\/","url":"http:\/\/irmaoscruz.com\/gprix\/wp-content\/uploads\/2020\/03\/Logo-Branco-1.png","contentUrl":"http:\/\/irmaoscruz.com\/gprix\/wp-content\/uploads\/2020\/03\/Logo-Branco-1.png","width":1486,"height":712,"caption":"Irm\u00e3os Cruz Lda."},"image":{"@id":"https:\/\/irmaoscruz.com\/gprix\/#\/schema\/logo\/image\/"},"sameAs":["https:\/\/www.facebook.com\/Irmaoscruzlda","https:\/\/www.instagram.com\/irmaos_cruz_lda\/"]}]}},"_links":{"self":[{"href":"https:\/\/irmaoscruz.com\/gprix\/wp-json\/wp\/v2\/product\/3100","targetHints":{"allow":["GET"]}}],"collection":[{"href":"https:\/\/irmaoscruz.com\/gprix\/wp-json\/wp\/v2\/product"}],"about":[{"href":"https:\/\/irmaoscruz.com\/gprix\/wp-json\/wp\/v2\/types\/product"}],"replies":[{"embeddable":true,"href":"https:\/\/irmaoscruz.com\/gprix\/wp-json\/wp\/v2\/comments?post=3100"}],"wp:featuredmedia":[{"embeddable":true,"href":"https:\/\/irmaoscruz.com\/gprix\/wp-json\/wp\/v2\/media\/51831"}],"wp:attachment":[{"href":"https:\/\/irmaoscruz.com\/gprix\/wp-json\/wp\/v2\/media?parent=3100"}],"wp:term":[{"taxonomy":"product_brand","embeddable":true,"href":"https:\/\/irmaoscruz.com\/gprix\/wp-json\/wp\/v2\/product_brand?post=3100"},{"taxonomy":"product_cat","embeddable":true,"href":"https:\/\/irmaoscruz.com\/gprix\/wp-json\/wp\/v2\/product_cat?post=3100"},{"taxonomy":"product_tag","embeddable":true,"href":"https:\/\/irmaoscruz.com\/gprix\/wp-json\/wp\/v2\/product_tag?post=3100"}],"curies":[{"name":"wp","href":"https:\/\/api.w.org\/{rel}","templated":true}]}}