{"id":3250,"date":"2020-03-28T20:09:19","date_gmt":"2020-03-28T20:09:19","guid":{"rendered":"http:\/\/irmaoscruz.com\/gprix\/?post_type=product&#038;p=3250"},"modified":"2025-04-17T14:29:19","modified_gmt":"2025-04-17T14:29:19","slug":"sh125-mode","status":"publish","type":"product","link":"https:\/\/irmaoscruz.com\/gprix\/product\/sh125-mode\/","title":{"rendered":"SH125 Mode"},"content":{"rendered":"<div class=\"wpb-content-wrapper\"><p>[vc_row disable_background_image=&#8221;&#8221;][vc_column][vc_column_text]<strong><span class=\"title\">Motor<\/span><\/strong><\/p>\n<div class=\"content\">\n<table>\n<tbody>\n<tr>\n<td class=\"title\">DI\u00c2METRO X CURSO (mm)<\/td>\n<td class=\"result\">52,4 x 57,9 mm<\/td>\n<\/tr>\n<tr>\n<td class=\"title\">ALIMENTA\u00c7\u00c3O<\/td>\n<td class=\"result\">Inje\u00e7\u00e3o eletr\u00f3nica PGM-FI<\/td>\n<\/tr>\n<tr>\n<td class=\"title\">TAXA DE COMPRESS\u00c3O<\/td>\n<td class=\"result\">11 : 1<\/td>\n<\/tr>\n<tr>\n<td class=\"title\">CILINDRADA (cm3)<\/td>\n<td class=\"result\">125 cm\u00b3<\/td>\n<\/tr>\n<tr>\n<td class=\"title\">TIPO DE MOTOR<\/td>\n<td class=\"result\">Monocil\u00edndrico a 4 tempos, 2 v\u00e1lvulas, com refrigera\u00e7\u00e3o l\u00edquida incorporada<\/td>\n<\/tr>\n<tr>\n<td class=\"title\">POT\u00caNCIA M\u00c1XIMA<\/td>\n<td class=\"result\">8,4 kW (11 cv) \/ 8.500 rpm (95\/1\/EC)<\/td>\n<\/tr>\n<tr>\n<td class=\"title\">BIN\u00c1RIO M\u00c1XIMO<\/td>\n<td class=\"result\">12 Nm \/ 5.000 rpm (95\/1\/EC)<\/td>\n<\/tr>\n<tr>\n<td class=\"title\">CAPACIDADE DE \u00d3LEO (Litros)<\/td>\n<td class=\"result\">0,9 l<\/td>\n<\/tr>\n<tr>\n<td class=\"title\">ARRANQUE<\/td>\n<td class=\"result\">El\u00e9trico<\/td>\n<\/tr>\n<\/tbody>\n<\/table>\n<\/div>\n<p>&nbsp;<\/p>\n<p><strong><span class=\"title\">Rodas<\/span><\/strong><\/p>\n<div class=\"content\">\n<table>\n<tbody>\n<tr>\n<td class=\"title\">TRAV\u00d5ES FRENTE<\/td>\n<td class=\"result\">Disco de 220 mm<\/td>\n<\/tr>\n<tr>\n<td class=\"title\">TRAV\u00d5ES RECTAGUARDA<\/td>\n<td class=\"result\">Tambor de 130 mm<\/td>\n<\/tr>\n<tr>\n<td class=\"title\">SUSPENS\u00c3O &#8211; FRENTE<\/td>\n<td class=\"result\">Telesc\u00f3pica<\/td>\n<\/tr>\n<tr>\n<td class=\"title\">SUSPENS\u00c3O &#8211; RECTAGUARDA<\/td>\n<td class=\"result\">Mono-amortecedor<\/td>\n<\/tr>\n<tr>\n<td class=\"title\">RODA &#8211; TAMANHO &#8211; FRENTE<\/td>\n<td class=\"result\">16 M\/C x MT 2,15<\/td>\n<\/tr>\n<tr>\n<td class=\"title\">PNEUS &#8211; FRENTE<\/td>\n<td class=\"result\">80\/90 R16 M\/C 43P<\/td>\n<\/tr>\n<tr>\n<td class=\"title\">PNEUS &#8211; RECTAGUARDA<\/td>\n<td class=\"result\">100\/90 R14 M\/C 57P<\/td>\n<\/tr>\n<tr>\n<td class=\"title\">RODA &#8211; TAMANHO &#8211; RECTAGUARDA<\/td>\n<td class=\"result\">14 M\/C x MT 2,75<\/td>\n<\/tr>\n<tr>\n<td class=\"title\">RODA &#8211; TIPO &#8211; FRENTE<\/td>\n<td class=\"result\">Alum\u00ednio fundido<\/td>\n<\/tr>\n<tr>\n<td class=\"title\">RODA &#8211; TIPO &#8211; RECTAGUARDA<\/td>\n<td class=\"result\">Alum\u00ednio fundido<\/td>\n<\/tr>\n<\/tbody>\n<\/table>\n<\/div>\n<p>&nbsp;<\/p>\n<p><strong><span class=\"title\">Cicl\u00edstica<\/span><\/strong><\/p>\n<div class=\"content\">\n<table>\n<tbody>\n<tr>\n<td class=\"title\">BATERIA<\/td>\n<td class=\"result\">12 V \/ 11 Ah<\/td>\n<\/tr>\n<tr>\n<td class=\"title\">\u00c2NGULO DA COLUNA DE DIREC\u00c7\u00c3O<\/td>\n<td class=\"result\">27\u00b0<\/td>\n<\/tr>\n<tr>\n<td class=\"title\">DIMENS\u00d5ES (mm)<\/td>\n<td class=\"result\">1.930 x 665 x 1.105 mm<\/td>\n<\/tr>\n<tr>\n<td class=\"title\">QUADRO<\/td>\n<td class=\"result\">Tubular em a\u00e7o tipo ber\u00e7o<\/td>\n<\/tr>\n<tr>\n<td class=\"title\">DEP\u00d3SITO DE COMBUST\u00cdVEL (Litros)<\/td>\n<td class=\"result\">5,5 litros<\/td>\n<\/tr>\n<tr>\n<td class=\"title\">CONSUMO DE COMBUST\u00cdVEL<\/td>\n<td class=\"result\">2,12 l \/ 100 km (47 km\/l) (m\u00e9todo WMTC)<\/td>\n<\/tr>\n<tr>\n<td class=\"title\">DIST\u00c2NCIA LIVRE AO SOLO (mm)<\/td>\n<td class=\"result\">145 mm<\/td>\n<\/tr>\n<tr>\n<td class=\"title\">PESO EM ORDEM DE MARCHA (kg)<\/td>\n<td class=\"result\">116 kg<\/td>\n<\/tr>\n<tr>\n<td class=\"title\">ALTURA DO ASSENTO (mm)<\/td>\n<td class=\"result\">765 mm<\/td>\n<\/tr>\n<tr>\n<td class=\"title\">TRAIL (mm)<\/td>\n<td class=\"result\">68 mm<\/td>\n<\/tr>\n<tr>\n<td class=\"title\">DIST\u00c2NCIA ENTRE EIXOS (mm)<\/td>\n<td class=\"result\">1.305 mm<\/td>\n<\/tr>\n<\/tbody>\n<\/table>\n<\/div>\n<p>&nbsp;<\/p>\n<p><strong><span class=\"title\">Transmiss\u00e3o<\/span><\/strong><\/p>\n<div class=\"content\">\n<table>\n<tbody>\n<tr>\n<td class=\"title\">EMBRAIAGEM<\/td>\n<td class=\"result\">Autom\u00e1tica, centrifuga, tipo seca<\/td>\n<\/tr>\n<tr>\n<td class=\"title\">EMBRAIAGEM &#8211; FUNCIONAMENTO<\/td>\n<td class=\"result\">V-Matic<\/td>\n<\/tr>\n<tr>\n<td class=\"title\">TRANSMISS\u00c3O FINAL<\/td>\n<td class=\"result\">Correia<\/td>\n<\/tr>\n<\/tbody>\n<\/table>\n<\/div>\n<p>[\/vc_column_text][\/vc_column][\/vc_row]<\/p>\n<\/div>","protected":false},"excerpt":{"rendered":"<p>* Pre\u00e7o inclui ISV e IVA \u00e0 taxa em vigor. N\u00e3o inclui despesas de documenta\u00e7\u00e3o, prepara\u00e7\u00e3o e eco-valor dos pneus no valor de<strong>\u00a0300\u20ac<\/strong>.<\/p>\n<p>Pode ser conduzida com carta de carro<\/p>\n","protected":false},"featured_media":51547,"comment_status":"open","ping_status":"closed","template":"","meta":[],"product_brand":[],"product_cat":[85],"product_tag":[],"class_list":{"0":"post-3250","1":"product","2":"type-product","3":"status-publish","4":"has-post-thumbnail","6":"product_cat-scooters","8":"first","9":"instock","10":"shipping-taxable","11":"purchasable","12":"product-type-simple"},"yoast_head":"<!-- This site is optimized with the Yoast SEO plugin v27.5 - https:\/\/yoast.com\/product\/yoast-seo-wordpress\/ -->\n<title>SH125 Mode - Irm&atilde;os Cruz Lda.<\/title>\n<meta name=\"robots\" content=\"noindex, follow, max-snippet:-1, max-image-preview:large, max-video-preview:-1\" \/>\n<meta property=\"og:locale\" content=\"pt_PT\" \/>\n<meta property=\"og:type\" content=\"article\" \/>\n<meta property=\"og:title\" content=\"SH125 Mode - Irm&atilde;os Cruz Lda.\" \/>\n<meta property=\"og:description\" content=\"* Pre\u00e7o inclui ISV e IVA \u00e0 taxa em vigor. N\u00e3o inclui despesas de documenta\u00e7\u00e3o, prepara\u00e7\u00e3o e eco-valor dos pneus no valor de\u00a0300\u20ac.  Pode ser conduzida com carta de carro\" \/>\n<meta property=\"og:url\" content=\"https:\/\/irmaoscruz.com\/gprix\/product\/sh125-mode\/\" \/>\n<meta property=\"og:site_name\" content=\"Irm&atilde;os Cruz Lda.\" \/>\n<meta property=\"article:publisher\" content=\"https:\/\/www.facebook.com\/Irmaoscruzlda\" \/>\n<meta property=\"article:modified_time\" content=\"2025-04-17T14:29:19+00:00\" \/>\n<meta property=\"og:image\" content=\"https:\/\/irmaoscruz.com\/gprix\/wp-content\/uploads\/2020\/03\/c4-41.png\" \/>\n\t<meta property=\"og:image:width\" content=\"864\" \/>\n\t<meta property=\"og:image:height\" content=\"486\" \/>\n\t<meta property=\"og:image:type\" content=\"image\/png\" \/>\n<meta name=\"twitter:card\" content=\"summary_large_image\" \/>\n<meta name=\"twitter:label1\" content=\"Tempo estimado de leitura\" \/>\n\t<meta name=\"twitter:data1\" content=\"1 minuto\" \/>\n<script type=\"application\/ld+json\" class=\"yoast-schema-graph\">{\"@context\":\"https:\\\/\\\/schema.org\",\"@graph\":[{\"@type\":\"WebPage\",\"@id\":\"https:\\\/\\\/irmaoscruz.com\\\/gprix\\\/product\\\/sh125-mode\\\/\",\"url\":\"https:\\\/\\\/irmaoscruz.com\\\/gprix\\\/product\\\/sh125-mode\\\/\",\"name\":\"SH125 Mode - Irm&atilde;os Cruz Lda.\",\"isPartOf\":{\"@id\":\"https:\\\/\\\/irmaoscruz.com\\\/gprix\\\/#website\"},\"primaryImageOfPage\":{\"@id\":\"https:\\\/\\\/irmaoscruz.com\\\/gprix\\\/product\\\/sh125-mode\\\/#primaryimage\"},\"image\":{\"@id\":\"https:\\\/\\\/irmaoscruz.com\\\/gprix\\\/product\\\/sh125-mode\\\/#primaryimage\"},\"thumbnailUrl\":\"https:\\\/\\\/irmaoscruz.com\\\/gprix\\\/wp-content\\\/uploads\\\/2020\\\/03\\\/c4-41.png\",\"datePublished\":\"2020-03-28T20:09:19+00:00\",\"dateModified\":\"2025-04-17T14:29:19+00:00\",\"breadcrumb\":{\"@id\":\"https:\\\/\\\/irmaoscruz.com\\\/gprix\\\/product\\\/sh125-mode\\\/#breadcrumb\"},\"inLanguage\":\"pt-PT\",\"potentialAction\":[{\"@type\":\"ReadAction\",\"target\":[\"https:\\\/\\\/irmaoscruz.com\\\/gprix\\\/product\\\/sh125-mode\\\/\"]}]},{\"@type\":\"ImageObject\",\"inLanguage\":\"pt-PT\",\"@id\":\"https:\\\/\\\/irmaoscruz.com\\\/gprix\\\/product\\\/sh125-mode\\\/#primaryimage\",\"url\":\"https:\\\/\\\/irmaoscruz.com\\\/gprix\\\/wp-content\\\/uploads\\\/2020\\\/03\\\/c4-41.png\",\"contentUrl\":\"https:\\\/\\\/irmaoscruz.com\\\/gprix\\\/wp-content\\\/uploads\\\/2020\\\/03\\\/c4-41.png\",\"width\":864,\"height\":486},{\"@type\":\"BreadcrumbList\",\"@id\":\"https:\\\/\\\/irmaoscruz.com\\\/gprix\\\/product\\\/sh125-mode\\\/#breadcrumb\",\"itemListElement\":[{\"@type\":\"ListItem\",\"position\":1,\"name\":\"In\u00edcio\",\"item\":\"https:\\\/\\\/irmaoscruz.com\\\/gprix\\\/\"},{\"@type\":\"ListItem\",\"position\":2,\"name\":\"Loja\",\"item\":\"https:\\\/\\\/irmaoscruz.com\\\/gprix\\\/loja\\\/\"},{\"@type\":\"ListItem\",\"position\":3,\"name\":\"SH125 Mode\"}]},{\"@type\":\"WebSite\",\"@id\":\"https:\\\/\\\/irmaoscruz.com\\\/gprix\\\/#website\",\"url\":\"https:\\\/\\\/irmaoscruz.com\\\/gprix\\\/\",\"name\":\"Irm\u00e3os Cruz Lda.\",\"description\":\"Irm\u00e3os Cruz Lda.\",\"publisher\":{\"@id\":\"https:\\\/\\\/irmaoscruz.com\\\/gprix\\\/#organization\"},\"potentialAction\":[{\"@type\":\"SearchAction\",\"target\":{\"@type\":\"EntryPoint\",\"urlTemplate\":\"https:\\\/\\\/irmaoscruz.com\\\/gprix\\\/?s={search_term_string}\"},\"query-input\":{\"@type\":\"PropertyValueSpecification\",\"valueRequired\":true,\"valueName\":\"search_term_string\"}}],\"inLanguage\":\"pt-PT\"},{\"@type\":\"Organization\",\"@id\":\"https:\\\/\\\/irmaoscruz.com\\\/gprix\\\/#organization\",\"name\":\"Irm\u00e3os Cruz Lda.\",\"url\":\"https:\\\/\\\/irmaoscruz.com\\\/gprix\\\/\",\"logo\":{\"@type\":\"ImageObject\",\"inLanguage\":\"pt-PT\",\"@id\":\"https:\\\/\\\/irmaoscruz.com\\\/gprix\\\/#\\\/schema\\\/logo\\\/image\\\/\",\"url\":\"http:\\\/\\\/irmaoscruz.com\\\/gprix\\\/wp-content\\\/uploads\\\/2020\\\/03\\\/Logo-Branco-1.png\",\"contentUrl\":\"http:\\\/\\\/irmaoscruz.com\\\/gprix\\\/wp-content\\\/uploads\\\/2020\\\/03\\\/Logo-Branco-1.png\",\"width\":1486,\"height\":712,\"caption\":\"Irm\u00e3os Cruz Lda.\"},\"image\":{\"@id\":\"https:\\\/\\\/irmaoscruz.com\\\/gprix\\\/#\\\/schema\\\/logo\\\/image\\\/\"},\"sameAs\":[\"https:\\\/\\\/www.facebook.com\\\/Irmaoscruzlda\",\"https:\\\/\\\/www.instagram.com\\\/irmaos_cruz_lda\\\/\"]}]}<\/script>\n<!-- \/ Yoast SEO plugin. -->","yoast_head_json":{"title":"SH125 Mode - Irm&atilde;os Cruz Lda.","robots":{"index":"noindex","follow":"follow","max-snippet":"max-snippet:-1","max-image-preview":"max-image-preview:large","max-video-preview":"max-video-preview:-1"},"og_locale":"pt_PT","og_type":"article","og_title":"SH125 Mode - Irm&atilde;os Cruz Lda.","og_description":"* Pre\u00e7o inclui ISV e IVA \u00e0 taxa em vigor. N\u00e3o inclui despesas de documenta\u00e7\u00e3o, prepara\u00e7\u00e3o e eco-valor dos pneus no valor de\u00a0300\u20ac.  Pode ser conduzida com carta de carro","og_url":"https:\/\/irmaoscruz.com\/gprix\/product\/sh125-mode\/","og_site_name":"Irm&atilde;os Cruz Lda.","article_publisher":"https:\/\/www.facebook.com\/Irmaoscruzlda","article_modified_time":"2025-04-17T14:29:19+00:00","og_image":[{"width":864,"height":486,"url":"https:\/\/irmaoscruz.com\/gprix\/wp-content\/uploads\/2020\/03\/c4-41.png","type":"image\/png"}],"twitter_card":"summary_large_image","twitter_misc":{"Tempo estimado de leitura":"1 minuto"},"schema":{"@context":"https:\/\/schema.org","@graph":[{"@type":"WebPage","@id":"https:\/\/irmaoscruz.com\/gprix\/product\/sh125-mode\/","url":"https:\/\/irmaoscruz.com\/gprix\/product\/sh125-mode\/","name":"SH125 Mode - Irm&atilde;os Cruz Lda.","isPartOf":{"@id":"https:\/\/irmaoscruz.com\/gprix\/#website"},"primaryImageOfPage":{"@id":"https:\/\/irmaoscruz.com\/gprix\/product\/sh125-mode\/#primaryimage"},"image":{"@id":"https:\/\/irmaoscruz.com\/gprix\/product\/sh125-mode\/#primaryimage"},"thumbnailUrl":"https:\/\/irmaoscruz.com\/gprix\/wp-content\/uploads\/2020\/03\/c4-41.png","datePublished":"2020-03-28T20:09:19+00:00","dateModified":"2025-04-17T14:29:19+00:00","breadcrumb":{"@id":"https:\/\/irmaoscruz.com\/gprix\/product\/sh125-mode\/#breadcrumb"},"inLanguage":"pt-PT","potentialAction":[{"@type":"ReadAction","target":["https:\/\/irmaoscruz.com\/gprix\/product\/sh125-mode\/"]}]},{"@type":"ImageObject","inLanguage":"pt-PT","@id":"https:\/\/irmaoscruz.com\/gprix\/product\/sh125-mode\/#primaryimage","url":"https:\/\/irmaoscruz.com\/gprix\/wp-content\/uploads\/2020\/03\/c4-41.png","contentUrl":"https:\/\/irmaoscruz.com\/gprix\/wp-content\/uploads\/2020\/03\/c4-41.png","width":864,"height":486},{"@type":"BreadcrumbList","@id":"https:\/\/irmaoscruz.com\/gprix\/product\/sh125-mode\/#breadcrumb","itemListElement":[{"@type":"ListItem","position":1,"name":"In\u00edcio","item":"https:\/\/irmaoscruz.com\/gprix\/"},{"@type":"ListItem","position":2,"name":"Loja","item":"https:\/\/irmaoscruz.com\/gprix\/loja\/"},{"@type":"ListItem","position":3,"name":"SH125 Mode"}]},{"@type":"WebSite","@id":"https:\/\/irmaoscruz.com\/gprix\/#website","url":"https:\/\/irmaoscruz.com\/gprix\/","name":"Irm\u00e3os Cruz Lda.","description":"Irm\u00e3os Cruz Lda.","publisher":{"@id":"https:\/\/irmaoscruz.com\/gprix\/#organization"},"potentialAction":[{"@type":"SearchAction","target":{"@type":"EntryPoint","urlTemplate":"https:\/\/irmaoscruz.com\/gprix\/?s={search_term_string}"},"query-input":{"@type":"PropertyValueSpecification","valueRequired":true,"valueName":"search_term_string"}}],"inLanguage":"pt-PT"},{"@type":"Organization","@id":"https:\/\/irmaoscruz.com\/gprix\/#organization","name":"Irm\u00e3os Cruz Lda.","url":"https:\/\/irmaoscruz.com\/gprix\/","logo":{"@type":"ImageObject","inLanguage":"pt-PT","@id":"https:\/\/irmaoscruz.com\/gprix\/#\/schema\/logo\/image\/","url":"http:\/\/irmaoscruz.com\/gprix\/wp-content\/uploads\/2020\/03\/Logo-Branco-1.png","contentUrl":"http:\/\/irmaoscruz.com\/gprix\/wp-content\/uploads\/2020\/03\/Logo-Branco-1.png","width":1486,"height":712,"caption":"Irm\u00e3os Cruz Lda."},"image":{"@id":"https:\/\/irmaoscruz.com\/gprix\/#\/schema\/logo\/image\/"},"sameAs":["https:\/\/www.facebook.com\/Irmaoscruzlda","https:\/\/www.instagram.com\/irmaos_cruz_lda\/"]}]}},"_links":{"self":[{"href":"https:\/\/irmaoscruz.com\/gprix\/wp-json\/wp\/v2\/product\/3250","targetHints":{"allow":["GET"]}}],"collection":[{"href":"https:\/\/irmaoscruz.com\/gprix\/wp-json\/wp\/v2\/product"}],"about":[{"href":"https:\/\/irmaoscruz.com\/gprix\/wp-json\/wp\/v2\/types\/product"}],"replies":[{"embeddable":true,"href":"https:\/\/irmaoscruz.com\/gprix\/wp-json\/wp\/v2\/comments?post=3250"}],"wp:featuredmedia":[{"embeddable":true,"href":"https:\/\/irmaoscruz.com\/gprix\/wp-json\/wp\/v2\/media\/51547"}],"wp:attachment":[{"href":"https:\/\/irmaoscruz.com\/gprix\/wp-json\/wp\/v2\/media?parent=3250"}],"wp:term":[{"taxonomy":"product_brand","embeddable":true,"href":"https:\/\/irmaoscruz.com\/gprix\/wp-json\/wp\/v2\/product_brand?post=3250"},{"taxonomy":"product_cat","embeddable":true,"href":"https:\/\/irmaoscruz.com\/gprix\/wp-json\/wp\/v2\/product_cat?post=3250"},{"taxonomy":"product_tag","embeddable":true,"href":"https:\/\/irmaoscruz.com\/gprix\/wp-json\/wp\/v2\/product_tag?post=3250"}],"curies":[{"name":"wp","href":"https:\/\/api.w.org\/{rel}","templated":true}]}}